{"id":9,"date":"2024-11-26T12:49:01","date_gmt":"2024-11-26T12:49:01","guid":{"rendered":"https:\/\/vosoritideinjection.biomarin.com\/cs-cs\/?page_id=9"},"modified":"2024-12-17T18:55:42","modified_gmt":"2024-12-17T18:55:42","slug":"home","status":"publish","type":"page","link":"https:\/\/vosoritideinjection.biomarin.com\/cs-cs\/","title":{"rendered":"Home"},"content":{"rendered":"<div id=\"acf-block-67485ac621e6e\" class=\"simple-hero\">\n            <div class=\"hero-background-image hero-background-image-desktop\" style=\"background-image: url(https:\/\/vosoritideinjection.biomarin.com\/cs-cs\/wp-content\/uploads\/sites\/3\/2024\/11\/header_2880px-2000x230.png);\"><\/div>\n\t    <div class=\"hero-background-image hero-background-image-mobile\" style=\"background-image: url(https:\/\/vosoritideinjection.biomarin.com\/cs-cs\/wp-content\/uploads\/sites\/3\/2024\/11\/header_2880px-2000x230.png);\"><\/div>\n        <div class=\"wrapper\">\n\t\t<div class=\"inner-wrapper\">\n\t\t\t<div class=\"hero-content\">\n\t\t\t\t\t\t\t\t\t\t\t\t    <h1><span style=\"color: #020082\"><strong>Jak se m\u00e1 aplikovat injekce vosoritidu (VOXZOGO<sup>\u00ae<\/sup><\/strong><\/span><span style=\"color: #000\">\u25bc<\/span><span style=\"color: #020082\">)<\/span>\n<\/h1>\n\t\t\t\t\t\t\t<\/div>\n\t\t<\/div>\n\t<\/div>\n<\/div>\n\n<div id=\"acf-block-67485ac622213\" class=\"block call-to-action call-to-action-no-overlay\">\n    <div class=\"wrapper\">\n\t\t<div class=\"inner-wrapper\">\n\t\t\t<div class=\"box\" style=\"background-image: url(https:\/\/vosoritideinjection.biomarin.com\/cs-cs\/wp-content\/uploads\/sites\/3\/2024\/11\/ybg-2000x230.jpg);\">\n\t\t\t\t<div class=\"overlay\"><\/div>\n\t\t\t\t<div class=\"cta-content\">\n\t\t\t\t    \t\t\t\t\t<div class=\"cta-content-main\">\n                        <div class=\"content-block\">\n\t\t\t\t\t        \t\t\t\t\t        \t\t\t\t\t\t    \t\t\t\t\t\t        <p style=\"color: #020082;font-size: 1.3rem\">Pro aplikaci injekc\u00ed vosoritidu je k dispozici <strong>v\u00edce ne\u017e jeden typ<\/strong> jehel na rozpou\u0161t\u011bdlo a injek\u010dn\u00edch st\u0159\u00edka\u010dek. Kter\u00e9 video si m\u00e1te prohl\u00e9dnout, z\u00e1vis\u00ed na tom, kter\u00fd typ jehly a st\u0159\u00edka\u010dky pou\u017e\u00edv\u00e1te.<\/p>\n<p style=\"color: #020082;font-size: 1.3rem\">Abyste zvolil\/a instrukt\u00e1\u017en\u00ed video vhodn\u00e9 pro v\u00e1s, p\u0159e\u010dt\u011bte si pros\u00edm pe\u010dliv\u011b p\u0159\u00edbalovou <strong>informaci pro pacienty<\/strong> v krabi\u010dce s vosoritidem a zjist\u011bte, <strong>kter\u00fd typ jehly na rozpou\u0161t\u011bdlo a injek\u010dn\u00ed st\u0159\u00edka\u010dky m\u00e1te<\/strong>.<\/p>\n\t\t\t\t\t\t    \t\t\t\t\t    <\/div>\n\t\t\t\t\t                        <\/div>\n\t\t\t\t<\/div>\n\t\t\t<\/div>\n\t\t<\/div>\n\t<\/div>\n<\/div>\n\n<div id=\"acf-block-674876760bea0\" class=\"block split-content equal-bias\" data-muted-autoplay=\"false\">\n\t<div class=\"wrapper\">\n\t\t<div class=\"inner-wrapper\">\n\t\t                                                                <div class=\"content-block first-block\">\n                                                                                                <h2 style=\"color: #020082\"><strong><em>S<\/em> MODR\u00ddM \u0160T\u00cdTKEM<\/strong><\/h2>\n<p>Toto instrukt\u00e1\u017en\u00ed video je pro pou\u017eit\u00ed vosoritidu s jehlou na rozpou\u0161t\u011bdlo a s injek\u010dn\u00ed st\u0159\u00edka\u010dkou <span style=\"color: #020082\"><strong><em>s<\/em> MODR\u00ddM \u0160T\u00cdTKEM<\/strong><\/span> zobrazen\u00fdch n\u00ed\u017ee.<\/p>\n                                                                                                                                                                                                                                                                                <div class=\"video-poster\">\n\t\t\t                            <a class=\"modal-video permitted\" href=\"https:\/\/player.vimeo.com\/video\/927430021\" style=\"background-image: url(https:\/\/vosoritideinjection.biomarin.com\/cs-cs\/wp-content\/uploads\/sites\/3\/2024\/11\/with.png?v=0.371);\">Play<\/a>\n\t\t                            <\/div>\n                                    \n                                                                                                                    \n                                                                                                                \n\t\t                                                                            <\/div>\n                    \n                                            <div class=\"content-block second-block\">\n                                                                                                <h2 style=\"color: #000000\"><strong><em>Bez<\/em> MODR\u00c9HO \u0160T\u00cdTKU<\/strong><\/h2>\n<p>Toto instrukt\u00e1\u017en\u00ed video je pro pou\u017eit\u00ed vosoritidu bez jehly na rozpou\u0161t\u011bdlo a injek\u010dn\u00ed st\u0159\u00edka\u010dky <strong><em>bez<\/em> \u00b0MODR\u00c9HO \u0160T\u00cdTKU&#8220;<\/strong> zobrazen\u00fdch n\u00ed\u017ee.<\/p>\n                                                                                                                                                                                                                                                                                <div class=\"video-poster\">\n\t\t\t                            <a class=\"modal-video permitted\" href=\"https:\/\/player.vimeo.com\/video\/927430154\" style=\"background-image: url(https:\/\/vosoritideinjection.biomarin.com\/cs-cs\/wp-content\/uploads\/sites\/3\/2024\/11\/without.png?v=0.371);\">Play<\/a>\n\t\t                            <\/div> \n                                    \n                                                                                                                    \n                                                                                                                                                   \n                                    \n\t\t                                                                            <\/div>\n                                                \t\t<\/div>\n\t<\/div>\n<\/div>\n\n<div id=\"acf-block-67485ac622e46\" class=\"block wrapped-content\">\n    <div class=\"wrapper\">\n        <div class=\"inner-wrapper\">\n                \n<div id=\"acf-block-67485ac622fe5\" class=\"block-wysiwyg\">\n            <p style=\"text-align: center\"><small>Tato videa nab\u00edz\u00edme k podpo\u0159e spr\u00e1vn\u00e9ho pod\u00e1v\u00e1n\u00ed injekc\u00ed vosoritidu. M\u00e1te-li jak\u00e9koli dal\u0161\u00ed dotazy k\u00a0pou\u017e\u00edv\u00e1n\u00ed tohoto l\u00e9\u010div\u00e9ho p\u0159\u00edpravku, zeptejte se sv\u00e9ho l\u00e9ka\u0159e nebo l\u00e9k\u00e1rn\u00edka. Tato videa jsou schv\u00e1lena k\u00a0pou\u017eit\u00ed v EMEA. Dal\u0161\u00ed informace o\u00a0vosoritidu naleznete na:\u00a0<a href=\"https:\/\/www.ema.europa.eu\/en\/medicines\/human\/EPAR\/voxzogo\" target=\"_blank\" rel=\"noopener\">https:\/\/www.ema.europa.eu\/en\/medicines\/human\/EPAR\/voxzogo<\/a>.<\/small><\/p>\n<p style=\"text-align: center\"><small>\u25bcTento p\u0159\u00edpravek podl\u00e9h\u00e1 dal\u0161\u00edmu sledov\u00e1n\u00ed. To umo\u017en\u00ed rychl\u00e9 z\u00edsk\u00e1n\u00ed nov\u00fdch informac\u00ed o bezpe\u010dnosti.<\/small><\/p>\n<p style=\"text-align: center\"><small>M\u016f\u017eete p\u0159isp\u011bt t\u00edm, \u017ee nahl\u00e1s\u00edte jak\u00e9koli ne\u017e\u00e1douc\u00ed \u00fa\u010dinky, kter\u00e9 se u V\u00e1s nebo u Va\u0161eho d\u00edt\u011bte vyskytnou. Pokud se u V\u00e1s nebo Va\u0161eho d\u00edt\u011bte vyskytne kter\u00fdkoli z ne\u017e\u00e1douc\u00edch \u00fa\u010dink\u016f, sd\u011blte to sv\u00e9mu l\u00e9ka\u0159i\/l\u00e9ka\u0159i Va\u0161eho d\u00edt\u011bte. Stejn\u011b postupujte v p\u0159\u00edpad\u011b jak\u00fdchkoli ne\u017e\u00e1douc\u00edch \u00fa\u010dink\u016f, kter\u00e9 nejsou uvedeny v p\u0159\u00edbalov\u00e9 informaci. Ne\u017e\u00e1douc\u00ed \u00fa\u010dinky m\u016f\u017eete hl\u00e1sit tak\u00e9 p\u0159\u00edmo na adresu:St\u00e1tn\u00ed \u00fastav pro kontrolu l\u00e9\u010div \u0160rob\u00e1rova 48, 100 41 Praha 10, Webov\u00e9 str\u00e1nky:\u00a0<a href=\"http:\/\/www.sukl.cz\/nahlasit-nezadouci-ucinek\" target=\"_blank\" rel=\"noopener\">http:\/\/www.sukl.cz\/nahlasit-nezadouci-ucinek<\/a><\/small><\/p>\n<p style=\"text-align: center\"><small>Nahl\u00e1\u0161en\u00edm ne\u017e\u00e1douc\u00edch \u00fa\u010dink\u016f m\u016f\u017eete p\u0159isp\u011bt k z\u00edsk\u00e1n\u00ed v\u00edce informac\u00ed o bezpe\u010dnosti tohoto p\u0159\u00edpravku. Ne\u017e\u00e1douc\u00ed \u00fa\u010dinky m\u016f\u017eete hl\u00e1sit i p\u0159\u00edmo dr\u017eiteli rozhodnut\u00ed o registraci, spole\u010dnosti BioMarin na adresu <a href=\"mailto:drugsafety@bmrn.com\">drugsafety@bmrn.com<\/a><\/small><\/p>\n    <\/div>\n        <\/div>\n    <\/div>\n<\/div>","protected":false},"excerpt":{"rendered":"","protected":false},"author":1,"featured_media":0,"parent":0,"menu_order":0,"comment_status":"closed","ping_status":"closed","template":"","meta":{"_acf_changed":false,"inline_featured_image":false,"footnotes":""},"class_list":["post-9","page","type-page","status-publish","hentry"],"acf":[],"yoast_head":"<!-- This site is optimized with the Yoast SEO plugin v27.1.1 - https:\/\/yoast.com\/product\/yoast-seo-wordpress\/ -->\n<title>Home - BioMarin Vosoritide Injection CS-CS<\/title>\n<meta name=\"robots\" content=\"index, follow, max-snippet:-1, max-image-preview:large, max-video-preview:-1\" \/>\n<link rel=\"canonical\" href=\"https:\/\/vosoritideinjection.biomarin.com\/cs-cs\/\" \/>\n<meta property=\"og:locale\" content=\"cs_CZ\" \/>\n<meta property=\"og:type\" content=\"article\" \/>\n<meta property=\"og:title\" content=\"Home - BioMarin Vosoritide Injection CS-CS\" \/>\n<meta property=\"og:url\" content=\"https:\/\/vosoritideinjection.biomarin.com\/cs-cs\/\" \/>\n<meta property=\"og:site_name\" content=\"BioMarin Vosoritide Injection CS-CS\" \/>\n<meta property=\"article:modified_time\" content=\"2024-12-17T18:55:42+00:00\" \/>\n<meta name=\"twitter:card\" content=\"summary_large_image\" \/>\n<script type=\"application\/ld+json\" class=\"yoast-schema-graph\">{\"@context\":\"https:\/\/schema.org\",\"@graph\":[{\"@type\":\"WebPage\",\"@id\":\"https:\/\/vosoritideinjection.biomarin.com\/cs-cs\/\",\"url\":\"https:\/\/vosoritideinjection.biomarin.com\/cs-cs\/\",\"name\":\"Home - BioMarin Vosoritide Injection CS-CS\",\"isPartOf\":{\"@id\":\"https:\/\/vosoritideinjection.biomarin.com\/cs-cs\/#website\"},\"datePublished\":\"2024-11-26T12:49:01+00:00\",\"dateModified\":\"2024-12-17T18:55:42+00:00\",\"breadcrumb\":{\"@id\":\"https:\/\/vosoritideinjection.biomarin.com\/cs-cs\/#breadcrumb\"},\"inLanguage\":\"cs\",\"potentialAction\":[{\"@type\":\"ReadAction\",\"target\":[\"https:\/\/vosoritideinjection.biomarin.com\/cs-cs\/\"]}]},{\"@type\":\"BreadcrumbList\",\"@id\":\"https:\/\/vosoritideinjection.biomarin.com\/cs-cs\/#breadcrumb\",\"itemListElement\":[{\"@type\":\"ListItem\",\"position\":1,\"name\":\"Home\",\"item\":\"https:\/\/vosoritideinjection.biomarin.com\/cs-cs\/\"},{\"@type\":\"ListItem\",\"position\":2,\"name\":\"Home\"}]},{\"@type\":\"WebSite\",\"@id\":\"https:\/\/vosoritideinjection.biomarin.com\/cs-cs\/#website\",\"url\":\"https:\/\/vosoritideinjection.biomarin.com\/cs-cs\/\",\"name\":\"BioMarin Vosoritide Injection CS-CS\",\"description\":\"\",\"potentialAction\":[{\"@type\":\"SearchAction\",\"target\":{\"@type\":\"EntryPoint\",\"urlTemplate\":\"https:\/\/vosoritideinjection.biomarin.com\/cs-cs\/?s={search_term_string}\"},\"query-input\":{\"@type\":\"PropertyValueSpecification\",\"valueRequired\":true,\"valueName\":\"search_term_string\"}}],\"inLanguage\":\"cs\"}]}<\/script>\n<!-- \/ Yoast SEO plugin. -->","yoast_head_json":{"title":"Home - BioMarin Vosoritide Injection CS-CS","robots":{"index":"index","follow":"follow","max-snippet":"max-snippet:-1","max-image-preview":"max-image-preview:large","max-video-preview":"max-video-preview:-1"},"canonical":"https:\/\/vosoritideinjection.biomarin.com\/cs-cs\/","og_locale":"cs_CZ","og_type":"article","og_title":"Home - BioMarin Vosoritide Injection CS-CS","og_url":"https:\/\/vosoritideinjection.biomarin.com\/cs-cs\/","og_site_name":"BioMarin Vosoritide Injection CS-CS","article_modified_time":"2024-12-17T18:55:42+00:00","twitter_card":"summary_large_image","schema":{"@context":"https:\/\/schema.org","@graph":[{"@type":"WebPage","@id":"https:\/\/vosoritideinjection.biomarin.com\/cs-cs\/","url":"https:\/\/vosoritideinjection.biomarin.com\/cs-cs\/","name":"Home - BioMarin Vosoritide Injection CS-CS","isPartOf":{"@id":"https:\/\/vosoritideinjection.biomarin.com\/cs-cs\/#website"},"datePublished":"2024-11-26T12:49:01+00:00","dateModified":"2024-12-17T18:55:42+00:00","breadcrumb":{"@id":"https:\/\/vosoritideinjection.biomarin.com\/cs-cs\/#breadcrumb"},"inLanguage":"cs","potentialAction":[{"@type":"ReadAction","target":["https:\/\/vosoritideinjection.biomarin.com\/cs-cs\/"]}]},{"@type":"BreadcrumbList","@id":"https:\/\/vosoritideinjection.biomarin.com\/cs-cs\/#breadcrumb","itemListElement":[{"@type":"ListItem","position":1,"name":"Home","item":"https:\/\/vosoritideinjection.biomarin.com\/cs-cs\/"},{"@type":"ListItem","position":2,"name":"Home"}]},{"@type":"WebSite","@id":"https:\/\/vosoritideinjection.biomarin.com\/cs-cs\/#website","url":"https:\/\/vosoritideinjection.biomarin.com\/cs-cs\/","name":"BioMarin Vosoritide Injection CS-CS","description":"","potentialAction":[{"@type":"SearchAction","target":{"@type":"EntryPoint","urlTemplate":"https:\/\/vosoritideinjection.biomarin.com\/cs-cs\/?s={search_term_string}"},"query-input":{"@type":"PropertyValueSpecification","valueRequired":true,"valueName":"search_term_string"}}],"inLanguage":"cs"}]}},"_links":{"self":[{"href":"https:\/\/vosoritideinjection.biomarin.com\/cs-cs\/wp-json\/wp\/v2\/pages\/9","targetHints":{"allow":["GET"]}}],"collection":[{"href":"https:\/\/vosoritideinjection.biomarin.com\/cs-cs\/wp-json\/wp\/v2\/pages"}],"about":[{"href":"https:\/\/vosoritideinjection.biomarin.com\/cs-cs\/wp-json\/wp\/v2\/types\/page"}],"author":[{"embeddable":true,"href":"https:\/\/vosoritideinjection.biomarin.com\/cs-cs\/wp-json\/wp\/v2\/users\/1"}],"replies":[{"embeddable":true,"href":"https:\/\/vosoritideinjection.biomarin.com\/cs-cs\/wp-json\/wp\/v2\/comments?post=9"}],"version-history":[{"count":112,"href":"https:\/\/vosoritideinjection.biomarin.com\/cs-cs\/wp-json\/wp\/v2\/pages\/9\/revisions"}],"predecessor-version":[{"id":188,"href":"https:\/\/vosoritideinjection.biomarin.com\/cs-cs\/wp-json\/wp\/v2\/pages\/9\/revisions\/188"}],"wp:attachment":[{"href":"https:\/\/vosoritideinjection.biomarin.com\/cs-cs\/wp-json\/wp\/v2\/media?parent=9"}],"curies":[{"name":"wp","href":"https:\/\/api.w.org\/{rel}","templated":true}]}}