{"id":9,"date":"2024-11-26T12:49:01","date_gmt":"2024-11-26T12:49:01","guid":{"rendered":"https:\/\/vosoritideinjection.biomarin.com\/da-dk\/?page_id=9"},"modified":"2024-12-19T11:01:50","modified_gmt":"2024-12-19T11:01:50","slug":"home","status":"publish","type":"page","link":"https:\/\/vosoritideinjection.biomarin.com\/da-dk\/","title":{"rendered":"Home"},"content":{"rendered":"<div id=\"acf-block-67485ac621e6e\" class=\"simple-hero\">\n            <div class=\"hero-background-image hero-background-image-desktop\" style=\"background-image: url(https:\/\/vosoritideinjection.biomarin.com\/da-dk\/wp-content\/uploads\/sites\/4\/2024\/11\/header_2880px-2000x230.png);\"><\/div>\n\t    <div class=\"hero-background-image hero-background-image-mobile\" style=\"background-image: url(https:\/\/vosoritideinjection.biomarin.com\/da-dk\/wp-content\/uploads\/sites\/4\/2024\/11\/header_2880px-2000x230.png);\"><\/div>\n        <div class=\"wrapper\">\n\t\t<div class=\"inner-wrapper\">\n\t\t\t<div class=\"hero-content\">\n\t\t\t\t\t\t\t\t\t\t\t\t    <h1><strong><span style=\"color: #020082\">S\u00e5dan injiceres vosoritid (VOXZOGO<sup>\u00ae<\/sup><\/span><span style=\"color: #000\">\u25bc<\/span><span style=\"color: #020082\">)<\/span> <\/strong>\n<\/h1>\n\t\t\t\t\t\t\t<\/div>\n\t\t<\/div>\n\t<\/div>\n<\/div>\n\n<div id=\"acf-block-6763fcfec56c7\" class=\"block split-content equal-bias bottom-border\" data-muted-autoplay=\"false\">\n\t<div class=\"wrapper\">\n\t\t<div class=\"inner-wrapper\">\n\t\t                                                                <div class=\"content-block first-block\">\n                                                                                                                                                                                                                                                <div class=\"video-poster\">\n\t\t\t                            <a class=\"modal-video permitted\" href=\"https:\/\/player.vimeo.com\/video\/949432443\" style=\"background-image: url(https:\/\/vosoritideinjection.biomarin.com\/da-dk\/wp-content\/uploads\/sites\/4\/2024\/12\/without.png?v=0.371);\">Play<\/a>\n\t\t                            <\/div>\n                                    \n                                                                                                                    \n                                                                                                                \n\t\t                                                                            <\/div>\n                    \n                                            <div class=\"content-block second-block\">\n                                                                                                <p style=\"text-align: center\"><small>Denne video tilbydes som en st\u00f8tte til korrekt injektion af vosoritid. Sp\u00f8rg l\u00e6gen eller apotekspersonalet, hvis der er noget, du er i tvivl om.<\/small><\/p>\n<p style=\"text-align: center\"><small>Denne video er udviklet i overensstemmelse med de ordineringsoplysninger, der er godkendt af Det Europ\u00e6iske L\u00e6gemiddelagentur (EMA). For mere information om vosoritid, bes\u00f8g venligst:<a href=\"https:\/\/www.ema.europa.eu\/en\/medicines\/human\/EPAR\/voxzogo\"> https:\/\/www.ema.europa.eu\/en\/medicines\/human\/EPAR\/voxzogo<\/a>.<\/small><\/p>\n<p style=\"text-align: center\"><small>Denne hjemmeside er udviklet og finansieret af BioMarin og er kun for patienter, eller plejere af patienter, der har f\u00e5et ordineret vosoritid.<\/small><\/p>\n<p style=\"text-align: center\"><small>\u25bc Dette l\u00e6gemiddel er underlagt supplerende overv\u00e5gning. Dermed kan nye sikkerhedsoplysninger hurtigt tilvejebringes. Du kan hj\u00e6lpe ved at indberette eventuelle bivirkninger direkte til BioMarin p\u00e5 <a href=\"mailto:drugsafety@bmrn.com\">drugsafety@bmrn.com<\/a>;<br \/>\nFax: +1-415-532-3144 eller tlf.: <a href=\"tel:+1-415-506-6179\">+1-415-506-6179<\/a>. Bivirkninger kan ogs\u00e5 indberettes via de nationale rapporteringssystemer.<\/small><\/p>\n                                                                                    <\/div>\n                                                \t\t<\/div>\n\t<\/div>\n<\/div>","protected":false},"excerpt":{"rendered":"","protected":false},"author":1,"featured_media":0,"parent":0,"menu_order":0,"comment_status":"closed","ping_status":"closed","template":"","meta":{"_acf_changed":false,"inline_featured_image":false,"footnotes":""},"class_list":["post-9","page","type-page","status-publish","hentry"],"acf":[],"yoast_head":"<!-- This site is optimized with the Yoast SEO plugin v27.1.1 - https:\/\/yoast.com\/product\/yoast-seo-wordpress\/ -->\n<title>Home - BioMarin Vosoritide Injection DA-DK<\/title>\n<meta name=\"robots\" content=\"index, follow, max-snippet:-1, max-image-preview:large, max-video-preview:-1\" \/>\n<link rel=\"canonical\" href=\"https:\/\/vosoritideinjection.biomarin.com\/da-dk\/\" \/>\n<meta property=\"og:locale\" content=\"da_DK\" \/>\n<meta property=\"og:type\" content=\"article\" \/>\n<meta property=\"og:title\" content=\"Home - BioMarin Vosoritide Injection DA-DK\" \/>\n<meta property=\"og:url\" content=\"https:\/\/vosoritideinjection.biomarin.com\/da-dk\/\" \/>\n<meta property=\"og:site_name\" content=\"BioMarin Vosoritide Injection DA-DK\" \/>\n<meta property=\"article:modified_time\" content=\"2024-12-19T11:01:50+00:00\" \/>\n<meta name=\"twitter:card\" content=\"summary_large_image\" \/>\n<script type=\"application\/ld+json\" class=\"yoast-schema-graph\">{\"@context\":\"https:\/\/schema.org\",\"@graph\":[{\"@type\":\"WebPage\",\"@id\":\"https:\/\/vosoritideinjection.biomarin.com\/da-dk\/\",\"url\":\"https:\/\/vosoritideinjection.biomarin.com\/da-dk\/\",\"name\":\"Home - BioMarin Vosoritide Injection DA-DK\",\"isPartOf\":{\"@id\":\"https:\/\/vosoritideinjection.biomarin.com\/da-dk\/#website\"},\"datePublished\":\"2024-11-26T12:49:01+00:00\",\"dateModified\":\"2024-12-19T11:01:50+00:00\",\"breadcrumb\":{\"@id\":\"https:\/\/vosoritideinjection.biomarin.com\/da-dk\/#breadcrumb\"},\"inLanguage\":\"da-DK\",\"potentialAction\":[{\"@type\":\"ReadAction\",\"target\":[\"https:\/\/vosoritideinjection.biomarin.com\/da-dk\/\"]}]},{\"@type\":\"BreadcrumbList\",\"@id\":\"https:\/\/vosoritideinjection.biomarin.com\/da-dk\/#breadcrumb\",\"itemListElement\":[{\"@type\":\"ListItem\",\"position\":1,\"name\":\"Home\",\"item\":\"https:\/\/vosoritideinjection.biomarin.com\/da-dk\/\"},{\"@type\":\"ListItem\",\"position\":2,\"name\":\"Home\"}]},{\"@type\":\"WebSite\",\"@id\":\"https:\/\/vosoritideinjection.biomarin.com\/da-dk\/#website\",\"url\":\"https:\/\/vosoritideinjection.biomarin.com\/da-dk\/\",\"name\":\"BioMarin Vosoritide Injection DA-DK\",\"description\":\"\",\"potentialAction\":[{\"@type\":\"SearchAction\",\"target\":{\"@type\":\"EntryPoint\",\"urlTemplate\":\"https:\/\/vosoritideinjection.biomarin.com\/da-dk\/?s={search_term_string}\"},\"query-input\":{\"@type\":\"PropertyValueSpecification\",\"valueRequired\":true,\"valueName\":\"search_term_string\"}}],\"inLanguage\":\"da-DK\"}]}<\/script>\n<!-- \/ Yoast SEO plugin. -->","yoast_head_json":{"title":"Home - BioMarin Vosoritide Injection DA-DK","robots":{"index":"index","follow":"follow","max-snippet":"max-snippet:-1","max-image-preview":"max-image-preview:large","max-video-preview":"max-video-preview:-1"},"canonical":"https:\/\/vosoritideinjection.biomarin.com\/da-dk\/","og_locale":"da_DK","og_type":"article","og_title":"Home - BioMarin Vosoritide Injection DA-DK","og_url":"https:\/\/vosoritideinjection.biomarin.com\/da-dk\/","og_site_name":"BioMarin Vosoritide Injection DA-DK","article_modified_time":"2024-12-19T11:01:50+00:00","twitter_card":"summary_large_image","schema":{"@context":"https:\/\/schema.org","@graph":[{"@type":"WebPage","@id":"https:\/\/vosoritideinjection.biomarin.com\/da-dk\/","url":"https:\/\/vosoritideinjection.biomarin.com\/da-dk\/","name":"Home - BioMarin Vosoritide Injection DA-DK","isPartOf":{"@id":"https:\/\/vosoritideinjection.biomarin.com\/da-dk\/#website"},"datePublished":"2024-11-26T12:49:01+00:00","dateModified":"2024-12-19T11:01:50+00:00","breadcrumb":{"@id":"https:\/\/vosoritideinjection.biomarin.com\/da-dk\/#breadcrumb"},"inLanguage":"da-DK","potentialAction":[{"@type":"ReadAction","target":["https:\/\/vosoritideinjection.biomarin.com\/da-dk\/"]}]},{"@type":"BreadcrumbList","@id":"https:\/\/vosoritideinjection.biomarin.com\/da-dk\/#breadcrumb","itemListElement":[{"@type":"ListItem","position":1,"name":"Home","item":"https:\/\/vosoritideinjection.biomarin.com\/da-dk\/"},{"@type":"ListItem","position":2,"name":"Home"}]},{"@type":"WebSite","@id":"https:\/\/vosoritideinjection.biomarin.com\/da-dk\/#website","url":"https:\/\/vosoritideinjection.biomarin.com\/da-dk\/","name":"BioMarin Vosoritide Injection DA-DK","description":"","potentialAction":[{"@type":"SearchAction","target":{"@type":"EntryPoint","urlTemplate":"https:\/\/vosoritideinjection.biomarin.com\/da-dk\/?s={search_term_string}"},"query-input":{"@type":"PropertyValueSpecification","valueRequired":true,"valueName":"search_term_string"}}],"inLanguage":"da-DK"}]}},"_links":{"self":[{"href":"https:\/\/vosoritideinjection.biomarin.com\/da-dk\/wp-json\/wp\/v2\/pages\/9","targetHints":{"allow":["GET"]}}],"collection":[{"href":"https:\/\/vosoritideinjection.biomarin.com\/da-dk\/wp-json\/wp\/v2\/pages"}],"about":[{"href":"https:\/\/vosoritideinjection.biomarin.com\/da-dk\/wp-json\/wp\/v2\/types\/page"}],"author":[{"embeddable":true,"href":"https:\/\/vosoritideinjection.biomarin.com\/da-dk\/wp-json\/wp\/v2\/users\/1"}],"replies":[{"embeddable":true,"href":"https:\/\/vosoritideinjection.biomarin.com\/da-dk\/wp-json\/wp\/v2\/comments?post=9"}],"version-history":[{"count":101,"href":"https:\/\/vosoritideinjection.biomarin.com\/da-dk\/wp-json\/wp\/v2\/pages\/9\/revisions"}],"predecessor-version":[{"id":172,"href":"https:\/\/vosoritideinjection.biomarin.com\/da-dk\/wp-json\/wp\/v2\/pages\/9\/revisions\/172"}],"wp:attachment":[{"href":"https:\/\/vosoritideinjection.biomarin.com\/da-dk\/wp-json\/wp\/v2\/media?parent=9"}],"curies":[{"name":"wp","href":"https:\/\/api.w.org\/{rel}","templated":true}]}}