{"id":9,"date":"2024-11-26T12:49:01","date_gmt":"2024-11-26T12:49:01","guid":{"rendered":"https:\/\/vosoritideinjection.biomarin.com\/es-es\/?page_id=9"},"modified":"2024-12-19T15:11:33","modified_gmt":"2024-12-19T15:11:33","slug":"home","status":"publish","type":"page","link":"https:\/\/vosoritideinjection.biomarin.com\/es-es\/","title":{"rendered":"Home"},"content":{"rendered":"<div id=\"acf-block-67485ac621e6e\" class=\"simple-hero\">\n            <div class=\"hero-background-image hero-background-image-desktop\" style=\"background-image: url(https:\/\/vosoritideinjection.biomarin.com\/es-es\/wp-content\/uploads\/sites\/6\/2024\/11\/header_2880px-2000x230.png);\"><\/div>\n\t    <div class=\"hero-background-image hero-background-image-mobile\" style=\"background-image: url(https:\/\/vosoritideinjection.biomarin.com\/es-es\/wp-content\/uploads\/sites\/6\/2024\/11\/header_2880px-2000x230.png);\"><\/div>\n        <div class=\"wrapper\">\n\t\t<div class=\"inner-wrapper\">\n\t\t\t<div class=\"hero-content\">\n\t\t\t\t\t\t\t\t\t\t\t\t    <h1><strong><span style=\"color: #020082\">C\u00f3mo inyectar vosoritida (VOXZOGO<sup>\u00ae<\/sup><\/span><span style=\"color: #000\">\u25bc<\/span><span style=\"color: #020082\">)<\/span><\/strong>\n<\/h1>\n\t\t\t\t\t\t\t<\/div>\n\t\t<\/div>\n\t<\/div>\n<\/div>\n\n<div id=\"acf-block-676437898e6c3\" class=\"block split-content equal-bias\" data-muted-autoplay=\"false\">\n\t<div class=\"wrapper\">\n\t\t<div class=\"inner-wrapper\">\n\t\t                                                                <div class=\"content-block first-block\">\n                                                                                                                                                                                                                                                <div class=\"video-poster\">\n\t\t\t                            <a class=\"modal-video permitted\" href=\"https:\/\/player.vimeo.com\/video\/1032315027\" style=\"background-image: url(https:\/\/vosoritideinjection.biomarin.com\/es-es\/wp-content\/uploads\/sites\/6\/2024\/11\/without.png?v=0.371);\">Play<\/a>\n\t\t                            <\/div>\n                                    \n                                                                                                                    \n                                                                                                                \n\t\t                                                                            <\/div>\n                    \n                                            <div class=\"content-block second-block\">\n                                                                                                <p style=\"text-align: center\"><small>Este v\u00eddeo se ofrece para facilitar el uso correcto de las inyecciones de vosoritida. Si tiene alguna otra duda sobre el uso de este medicamento, consulte a su m\u00e9dico o farmac\u00e9utico.<\/small><\/p>\n<p style=\"text-align: center\"><small>Este v\u00eddeo se desarrollaro en l\u00ednea con la informaci\u00f3n de prescripci\u00f3n aprobada por la Agencia Europea de Medicamentos (EMA). Para obtener m\u00e1s informaci\u00f3n sobre vosoritida, visite: <a href=\"https:\/\/www.ema.europa.eu\/en\/medicines\/human\/EPAR\/voxzogo\">https:\/\/www.ema.europa.eu\/en\/medicines\/human\/EPAR\/voxzogo<\/a>.<\/small><\/p>\n<p style=\"text-align: center\"><small>Este sitio web est\u00e1 desarrollado y financiado por BioMarin y es solo para pacientes o cuidadores de pacientes a quienes se les ha recetado vosoritida.<\/small><\/p>\n<p style=\"text-align: center\"><small>\u25bc Este medicamento est\u00e1 sujeto a seguimiento adicional, lo que agilizar\u00e1 la detecci\u00f3n de nueva informaci\u00f3n sobre su seguridad. Se insta a los profesionales sanitarios a notificar las sospechas de reacciones adversas. Para ello, puede notificar cualquier reacci\u00f3n adversa directamente a BioMarin por correo electr\u00f3nico (<a href=\"mailto:drugsafety@bmrn.com\">drugsafety@bmrn.com<\/a>), Se recuerda la importancia de comunicar las sospechas de reacciones adversas a trav\u00e9s del Centro Auton\u00f3mico de Farmacovigilancia correspondiente o del formulario disponible en <a href=\"https:\/\/www.notificaRAM.es\">https:\/\/www.notificaRAM.es<\/a><\/small><\/p>\n                                                                                    <\/div>\n                                                \t\t<\/div>\n\t<\/div>\n<\/div>","protected":false},"excerpt":{"rendered":"","protected":false},"author":1,"featured_media":0,"parent":0,"menu_order":0,"comment_status":"closed","ping_status":"closed","template":"","meta":{"_acf_changed":false,"inline_featured_image":false,"footnotes":""},"class_list":["post-9","page","type-page","status-publish","hentry"],"acf":[],"yoast_head":"<!-- This site is optimized with the Yoast SEO plugin v27.1.1 - https:\/\/yoast.com\/product\/yoast-seo-wordpress\/ -->\n<title>Home - BioMarin Vosoritide Injection ES-ES<\/title>\n<meta name=\"robots\" content=\"index, follow, max-snippet:-1, max-image-preview:large, max-video-preview:-1\" \/>\n<link rel=\"canonical\" href=\"https:\/\/vosoritideinjection.biomarin.com\/es-es\/\" \/>\n<meta property=\"og:locale\" content=\"es_ES\" \/>\n<meta property=\"og:type\" content=\"article\" \/>\n<meta property=\"og:title\" content=\"Home - BioMarin Vosoritide Injection ES-ES\" \/>\n<meta property=\"og:url\" content=\"https:\/\/vosoritideinjection.biomarin.com\/es-es\/\" \/>\n<meta property=\"og:site_name\" content=\"BioMarin Vosoritide Injection ES-ES\" \/>\n<meta property=\"article:modified_time\" content=\"2024-12-19T15:11:33+00:00\" \/>\n<meta name=\"twitter:card\" content=\"summary_large_image\" \/>\n<script type=\"application\/ld+json\" class=\"yoast-schema-graph\">{\"@context\":\"https:\/\/schema.org\",\"@graph\":[{\"@type\":\"WebPage\",\"@id\":\"https:\/\/vosoritideinjection.biomarin.com\/es-es\/\",\"url\":\"https:\/\/vosoritideinjection.biomarin.com\/es-es\/\",\"name\":\"Home - BioMarin Vosoritide Injection ES-ES\",\"isPartOf\":{\"@id\":\"https:\/\/vosoritideinjection.biomarin.com\/es-es\/#website\"},\"datePublished\":\"2024-11-26T12:49:01+00:00\",\"dateModified\":\"2024-12-19T15:11:33+00:00\",\"breadcrumb\":{\"@id\":\"https:\/\/vosoritideinjection.biomarin.com\/es-es\/#breadcrumb\"},\"inLanguage\":\"es\",\"potentialAction\":[{\"@type\":\"ReadAction\",\"target\":[\"https:\/\/vosoritideinjection.biomarin.com\/es-es\/\"]}]},{\"@type\":\"BreadcrumbList\",\"@id\":\"https:\/\/vosoritideinjection.biomarin.com\/es-es\/#breadcrumb\",\"itemListElement\":[{\"@type\":\"ListItem\",\"position\":1,\"name\":\"Home\",\"item\":\"https:\/\/vosoritideinjection.biomarin.com\/es-es\/\"},{\"@type\":\"ListItem\",\"position\":2,\"name\":\"Home\"}]},{\"@type\":\"WebSite\",\"@id\":\"https:\/\/vosoritideinjection.biomarin.com\/es-es\/#website\",\"url\":\"https:\/\/vosoritideinjection.biomarin.com\/es-es\/\",\"name\":\"BioMarin Vosoritide Injection ES-ES\",\"description\":\"\",\"potentialAction\":[{\"@type\":\"SearchAction\",\"target\":{\"@type\":\"EntryPoint\",\"urlTemplate\":\"https:\/\/vosoritideinjection.biomarin.com\/es-es\/?s={search_term_string}\"},\"query-input\":{\"@type\":\"PropertyValueSpecification\",\"valueRequired\":true,\"valueName\":\"search_term_string\"}}],\"inLanguage\":\"es\"}]}<\/script>\n<!-- \/ Yoast SEO plugin. -->","yoast_head_json":{"title":"Home - BioMarin Vosoritide Injection ES-ES","robots":{"index":"index","follow":"follow","max-snippet":"max-snippet:-1","max-image-preview":"max-image-preview:large","max-video-preview":"max-video-preview:-1"},"canonical":"https:\/\/vosoritideinjection.biomarin.com\/es-es\/","og_locale":"es_ES","og_type":"article","og_title":"Home - BioMarin Vosoritide Injection ES-ES","og_url":"https:\/\/vosoritideinjection.biomarin.com\/es-es\/","og_site_name":"BioMarin Vosoritide Injection ES-ES","article_modified_time":"2024-12-19T15:11:33+00:00","twitter_card":"summary_large_image","schema":{"@context":"https:\/\/schema.org","@graph":[{"@type":"WebPage","@id":"https:\/\/vosoritideinjection.biomarin.com\/es-es\/","url":"https:\/\/vosoritideinjection.biomarin.com\/es-es\/","name":"Home - BioMarin Vosoritide Injection ES-ES","isPartOf":{"@id":"https:\/\/vosoritideinjection.biomarin.com\/es-es\/#website"},"datePublished":"2024-11-26T12:49:01+00:00","dateModified":"2024-12-19T15:11:33+00:00","breadcrumb":{"@id":"https:\/\/vosoritideinjection.biomarin.com\/es-es\/#breadcrumb"},"inLanguage":"es","potentialAction":[{"@type":"ReadAction","target":["https:\/\/vosoritideinjection.biomarin.com\/es-es\/"]}]},{"@type":"BreadcrumbList","@id":"https:\/\/vosoritideinjection.biomarin.com\/es-es\/#breadcrumb","itemListElement":[{"@type":"ListItem","position":1,"name":"Home","item":"https:\/\/vosoritideinjection.biomarin.com\/es-es\/"},{"@type":"ListItem","position":2,"name":"Home"}]},{"@type":"WebSite","@id":"https:\/\/vosoritideinjection.biomarin.com\/es-es\/#website","url":"https:\/\/vosoritideinjection.biomarin.com\/es-es\/","name":"BioMarin Vosoritide Injection ES-ES","description":"","potentialAction":[{"@type":"SearchAction","target":{"@type":"EntryPoint","urlTemplate":"https:\/\/vosoritideinjection.biomarin.com\/es-es\/?s={search_term_string}"},"query-input":{"@type":"PropertyValueSpecification","valueRequired":true,"valueName":"search_term_string"}}],"inLanguage":"es"}]}},"_links":{"self":[{"href":"https:\/\/vosoritideinjection.biomarin.com\/es-es\/wp-json\/wp\/v2\/pages\/9","targetHints":{"allow":["GET"]}}],"collection":[{"href":"https:\/\/vosoritideinjection.biomarin.com\/es-es\/wp-json\/wp\/v2\/pages"}],"about":[{"href":"https:\/\/vosoritideinjection.biomarin.com\/es-es\/wp-json\/wp\/v2\/types\/page"}],"author":[{"embeddable":true,"href":"https:\/\/vosoritideinjection.biomarin.com\/es-es\/wp-json\/wp\/v2\/users\/1"}],"replies":[{"embeddable":true,"href":"https:\/\/vosoritideinjection.biomarin.com\/es-es\/wp-json\/wp\/v2\/comments?post=9"}],"version-history":[{"count":90,"href":"https:\/\/vosoritideinjection.biomarin.com\/es-es\/wp-json\/wp\/v2\/pages\/9\/revisions"}],"predecessor-version":[{"id":154,"href":"https:\/\/vosoritideinjection.biomarin.com\/es-es\/wp-json\/wp\/v2\/pages\/9\/revisions\/154"}],"wp:attachment":[{"href":"https:\/\/vosoritideinjection.biomarin.com\/es-es\/wp-json\/wp\/v2\/media?parent=9"}],"curies":[{"name":"wp","href":"https:\/\/api.w.org\/{rel}","templated":true}]}}