{"id":9,"date":"2024-11-26T12:49:01","date_gmt":"2024-11-26T12:49:01","guid":{"rendered":"https:\/\/vosoritideinjection.biomarin.com\/fr-fr\/?page_id=9"},"modified":"2024-12-19T15:14:12","modified_gmt":"2024-12-19T15:14:12","slug":"home","status":"publish","type":"page","link":"https:\/\/vosoritideinjection.biomarin.com\/fr-fr\/","title":{"rendered":"Home"},"content":{"rendered":"<div id=\"acf-block-67485ac621e6e\" class=\"simple-hero\">\n            <div class=\"hero-background-image hero-background-image-desktop\" style=\"background-image: url(https:\/\/vosoritideinjection.biomarin.com\/fr-fr\/wp-content\/uploads\/sites\/9\/2024\/11\/header_2880px-2000x230.png);\"><\/div>\n\t    <div class=\"hero-background-image hero-background-image-mobile\" style=\"background-image: url(https:\/\/vosoritideinjection.biomarin.com\/fr-fr\/wp-content\/uploads\/sites\/9\/2024\/11\/header_2880px-2000x230.png);\"><\/div>\n        <div class=\"wrapper\">\n\t\t<div class=\"inner-wrapper\">\n\t\t\t<div class=\"hero-content\">\n\t\t\t\t\t\t\t\t\t\t\t\t    <h1><strong><span style=\"color: #020082\">Comment injecter le vosoritide (VOXZOGO<sup>\u00ae<\/sup><\/span><span style=\"color: #000\">\u25bc<\/span><span style=\"color: #020082\">)<\/span><\/strong>\n<\/h1>\n\t\t\t\t\t\t\t<\/div>\n\t\t<\/div>\n\t<\/div>\n<\/div>\n\n<div id=\"acf-block-67643843b9780\" class=\"block split-content equal-bias\" data-muted-autoplay=\"false\">\n\t<div class=\"wrapper\">\n\t\t<div class=\"inner-wrapper\">\n\t\t                                                                <div class=\"content-block first-block\">\n                                                                                                                                                                                                                                                <div class=\"video-poster\">\n\t\t\t                            <a class=\"modal-video permitted\" href=\"https:\/\/player.vimeo.com\/video\/949434768\" style=\"background-image: url(https:\/\/vosoritideinjection.biomarin.com\/fr-fr\/wp-content\/uploads\/sites\/9\/2024\/11\/without.png?v=0.371);\">Play<\/a>\n\t\t                            <\/div>\n                                    \n                                                                                                                    \n                                                                                                                \n\t\t                                                                            <\/div>\n                    \n                                            <div class=\"content-block second-block\">\n                                                                                                <p style=\"text-align: center\"><small>Cette vid\u00e9o est fournie pour vous aider \u00e0 r\u00e9aliser correctement les injections de vosoritide. Si vous avez d\u2019autres questions concernant l\u2019utilisation de ce m\u00e9dicament, adressez-vous \u00e0 votre m\u00e9decin ou \u00e0 votre pharmacien.<\/small><\/p>\n<p style=\"text-align: center\"><small>Cette vid\u00e9o a \u00e9t\u00e9 d\u00e9velopp\u00e9e conform\u00e9ment aux informations posologiques approuv\u00e9es par l\u2019Agence europ\u00e9enne des m\u00e9dicaments (EMA). Pour plus d\u2019information sur le vosoritide, veuillez consulter le site suivant :<a href=\"https:\/\/www.ema.europa.eu\/en\/medicines\/human\/EPAR\/voxzogo\"> https:\/\/www.ema.europa.eu\/en\/medicines\/human\/EPAR\/voxzogo<\/a>.<\/small><\/p>\n<p style=\"text-align: center\"><small>Ce site Web est d\u00e9velopp\u00e9 et financ\u00e9 par BioMarin et s\u2019adresse uniquement aux patients, ou aux soignants de patients, \u00e0 qui on a prescrit du vosoritide.<\/small><\/p>\n<p style=\"text-align: center\"><small>\u25bc Ce m\u00e9dicament fait l\u2019objet d\u2019une surveillance suppl\u00e9mentaire. Cela permettra l\u2019identification rapide de nouvelles informations relatives \u00e0 la s\u00e9curit\u00e9. Vous pouvez y contribuer en signalant les \u00e9ventuels effets ind\u00e9sirables directement \u00e0 BioMarin par e-mail \u00e0 <a href=\"mailto:drugsafety@bmrn.com\">drugsafety@bmrn.com<\/a>,<br \/>\npar fax au +1-415-532-3144 ou par t\u00e9l\u00e9phone au +1-415-506-6179 <a href=\"tel:+1-415-506-6179\">+1-415-506-6179<\/a>. La d\u00e9claration d\u2019effets ind\u00e9sirables est \u00e9galement possible via les syst\u00e8mes nationaux de d\u00e9claration.<\/small><\/p>\n                                                                                    <\/div>\n                                                \t\t<\/div>\n\t<\/div>\n<\/div>","protected":false},"excerpt":{"rendered":"","protected":false},"author":1,"featured_media":0,"parent":0,"menu_order":0,"comment_status":"closed","ping_status":"closed","template":"","meta":{"_acf_changed":false,"inline_featured_image":false,"footnotes":""},"class_list":["post-9","page","type-page","status-publish","hentry"],"acf":[],"yoast_head":"<!-- This site is optimized with the Yoast SEO plugin v27.1.1 - https:\/\/yoast.com\/product\/yoast-seo-wordpress\/ -->\n<title>Home - BioMarin Vosoritide Injection FR-FR<\/title>\n<meta name=\"robots\" content=\"index, follow, max-snippet:-1, max-image-preview:large, max-video-preview:-1\" \/>\n<link rel=\"canonical\" href=\"https:\/\/vosoritideinjection.biomarin.com\/fr-fr\/\" \/>\n<meta property=\"og:locale\" content=\"fr_FR\" \/>\n<meta property=\"og:type\" content=\"article\" \/>\n<meta property=\"og:title\" content=\"Home - BioMarin Vosoritide Injection FR-FR\" \/>\n<meta property=\"og:url\" content=\"https:\/\/vosoritideinjection.biomarin.com\/fr-fr\/\" \/>\n<meta property=\"og:site_name\" content=\"BioMarin Vosoritide Injection FR-FR\" \/>\n<meta property=\"article:modified_time\" content=\"2024-12-19T15:14:12+00:00\" \/>\n<meta name=\"twitter:card\" content=\"summary_large_image\" \/>\n<script type=\"application\/ld+json\" class=\"yoast-schema-graph\">{\"@context\":\"https:\/\/schema.org\",\"@graph\":[{\"@type\":\"WebPage\",\"@id\":\"https:\/\/vosoritideinjection.biomarin.com\/fr-fr\/\",\"url\":\"https:\/\/vosoritideinjection.biomarin.com\/fr-fr\/\",\"name\":\"Home - BioMarin Vosoritide Injection FR-FR\",\"isPartOf\":{\"@id\":\"https:\/\/vosoritideinjection.biomarin.com\/fr-fr\/#website\"},\"datePublished\":\"2024-11-26T12:49:01+00:00\",\"dateModified\":\"2024-12-19T15:14:12+00:00\",\"breadcrumb\":{\"@id\":\"https:\/\/vosoritideinjection.biomarin.com\/fr-fr\/#breadcrumb\"},\"inLanguage\":\"fr-FR\",\"potentialAction\":[{\"@type\":\"ReadAction\",\"target\":[\"https:\/\/vosoritideinjection.biomarin.com\/fr-fr\/\"]}]},{\"@type\":\"BreadcrumbList\",\"@id\":\"https:\/\/vosoritideinjection.biomarin.com\/fr-fr\/#breadcrumb\",\"itemListElement\":[{\"@type\":\"ListItem\",\"position\":1,\"name\":\"Home\",\"item\":\"https:\/\/vosoritideinjection.biomarin.com\/fr-fr\/\"},{\"@type\":\"ListItem\",\"position\":2,\"name\":\"Home\"}]},{\"@type\":\"WebSite\",\"@id\":\"https:\/\/vosoritideinjection.biomarin.com\/fr-fr\/#website\",\"url\":\"https:\/\/vosoritideinjection.biomarin.com\/fr-fr\/\",\"name\":\"BioMarin Vosoritide Injection FR-FR\",\"description\":\"\",\"potentialAction\":[{\"@type\":\"SearchAction\",\"target\":{\"@type\":\"EntryPoint\",\"urlTemplate\":\"https:\/\/vosoritideinjection.biomarin.com\/fr-fr\/?s={search_term_string}\"},\"query-input\":{\"@type\":\"PropertyValueSpecification\",\"valueRequired\":true,\"valueName\":\"search_term_string\"}}],\"inLanguage\":\"fr-FR\"}]}<\/script>\n<!-- \/ Yoast SEO plugin. -->","yoast_head_json":{"title":"Home - BioMarin Vosoritide Injection FR-FR","robots":{"index":"index","follow":"follow","max-snippet":"max-snippet:-1","max-image-preview":"max-image-preview:large","max-video-preview":"max-video-preview:-1"},"canonical":"https:\/\/vosoritideinjection.biomarin.com\/fr-fr\/","og_locale":"fr_FR","og_type":"article","og_title":"Home - BioMarin Vosoritide Injection FR-FR","og_url":"https:\/\/vosoritideinjection.biomarin.com\/fr-fr\/","og_site_name":"BioMarin Vosoritide Injection FR-FR","article_modified_time":"2024-12-19T15:14:12+00:00","twitter_card":"summary_large_image","schema":{"@context":"https:\/\/schema.org","@graph":[{"@type":"WebPage","@id":"https:\/\/vosoritideinjection.biomarin.com\/fr-fr\/","url":"https:\/\/vosoritideinjection.biomarin.com\/fr-fr\/","name":"Home - BioMarin Vosoritide Injection FR-FR","isPartOf":{"@id":"https:\/\/vosoritideinjection.biomarin.com\/fr-fr\/#website"},"datePublished":"2024-11-26T12:49:01+00:00","dateModified":"2024-12-19T15:14:12+00:00","breadcrumb":{"@id":"https:\/\/vosoritideinjection.biomarin.com\/fr-fr\/#breadcrumb"},"inLanguage":"fr-FR","potentialAction":[{"@type":"ReadAction","target":["https:\/\/vosoritideinjection.biomarin.com\/fr-fr\/"]}]},{"@type":"BreadcrumbList","@id":"https:\/\/vosoritideinjection.biomarin.com\/fr-fr\/#breadcrumb","itemListElement":[{"@type":"ListItem","position":1,"name":"Home","item":"https:\/\/vosoritideinjection.biomarin.com\/fr-fr\/"},{"@type":"ListItem","position":2,"name":"Home"}]},{"@type":"WebSite","@id":"https:\/\/vosoritideinjection.biomarin.com\/fr-fr\/#website","url":"https:\/\/vosoritideinjection.biomarin.com\/fr-fr\/","name":"BioMarin Vosoritide Injection FR-FR","description":"","potentialAction":[{"@type":"SearchAction","target":{"@type":"EntryPoint","urlTemplate":"https:\/\/vosoritideinjection.biomarin.com\/fr-fr\/?s={search_term_string}"},"query-input":{"@type":"PropertyValueSpecification","valueRequired":true,"valueName":"search_term_string"}}],"inLanguage":"fr-FR"}]}},"_links":{"self":[{"href":"https:\/\/vosoritideinjection.biomarin.com\/fr-fr\/wp-json\/wp\/v2\/pages\/9","targetHints":{"allow":["GET"]}}],"collection":[{"href":"https:\/\/vosoritideinjection.biomarin.com\/fr-fr\/wp-json\/wp\/v2\/pages"}],"about":[{"href":"https:\/\/vosoritideinjection.biomarin.com\/fr-fr\/wp-json\/wp\/v2\/types\/page"}],"author":[{"embeddable":true,"href":"https:\/\/vosoritideinjection.biomarin.com\/fr-fr\/wp-json\/wp\/v2\/users\/1"}],"replies":[{"embeddable":true,"href":"https:\/\/vosoritideinjection.biomarin.com\/fr-fr\/wp-json\/wp\/v2\/comments?post=9"}],"version-history":[{"count":88,"href":"https:\/\/vosoritideinjection.biomarin.com\/fr-fr\/wp-json\/wp\/v2\/pages\/9\/revisions"}],"predecessor-version":[{"id":151,"href":"https:\/\/vosoritideinjection.biomarin.com\/fr-fr\/wp-json\/wp\/v2\/pages\/9\/revisions\/151"}],"wp:attachment":[{"href":"https:\/\/vosoritideinjection.biomarin.com\/fr-fr\/wp-json\/wp\/v2\/media?parent=9"}],"curies":[{"name":"wp","href":"https:\/\/api.w.org\/{rel}","templated":true}]}}