{"id":9,"date":"2024-11-26T12:49:01","date_gmt":"2024-11-26T12:49:01","guid":{"rendered":"https:\/\/vosoritideinjection.biomarin.com\/hu-hu\/?page_id=9"},"modified":"2025-10-29T12:47:59","modified_gmt":"2025-10-29T12:47:59","slug":"home","status":"publish","type":"page","link":"https:\/\/vosoritideinjection.biomarin.com\/hu-hu\/","title":{"rendered":"Home"},"content":{"rendered":"<div id=\"acf-block-67485ac621e6e\" class=\"simple-hero\">\n            <div class=\"hero-background-image hero-background-image-desktop\" style=\"background-image: url(https:\/\/vosoritideinjection.biomarin.com\/hu-hu\/wp-content\/uploads\/sites\/10\/2024\/11\/header_2880px-2000x230.png);\"><\/div>\n\t    <div class=\"hero-background-image hero-background-image-mobile\" style=\"background-image: url(https:\/\/vosoritideinjection.biomarin.com\/hu-hu\/wp-content\/uploads\/sites\/10\/2024\/11\/header_2880px-2000x230.png);\"><\/div>\n        <div class=\"wrapper\">\n\t\t<div class=\"inner-wrapper\">\n\t\t\t<div class=\"hero-content\">\n\t\t\t\t\t\t\t\t\t\t\t\t    <h1><strong><span style=\"color: #020082\">Hogyan kell beadni a voszoritid (VOXZOGO<sup>\u00ae<\/sup><\/span><span style=\"color: #000\">\u25bc<\/span><span style=\"color: #020082\">) injekci\u00f3t<\/span><\/strong>\n<\/h1>\n\t\t\t\t\t\t\t<\/div>\n\t\t<\/div>\n\t<\/div>\n<\/div>\n\n<div id=\"acf-block-67485ac622213\" class=\"block call-to-action call-to-action-no-overlay\">\n    <div class=\"wrapper\">\n\t\t<div class=\"inner-wrapper\">\n\t\t\t<div class=\"box\" style=\"background-image: url(https:\/\/vosoritideinjection.biomarin.com\/hu-hu\/wp-content\/uploads\/sites\/10\/2024\/11\/ybg-2000x230.jpg);\">\n\t\t\t\t<div class=\"overlay\"><\/div>\n\t\t\t\t<div class=\"cta-content\">\n\t\t\t\t    \t\t\t\t\t<div class=\"cta-content-main\">\n                        <div class=\"content-block\">\n\t\t\t\t\t        \t\t\t\t\t        \t\t\t\t\t\t    \t\t\t\t\t\t        <p style=\"font-size: 1.3rem;color: #020082\">Ez a vide\u00f3 a voszoritid injekci\u00f3 helyes alkalmaz\u00e1s\u00e1nak t\u00e1mogat\u00e1s\u00e1ra k\u00e9sz\u00fclt. Ha b\u00e1rmilyen tov\u00e1bbi k\u00e9rd\u00e9se van a gy\u00f3gyszer alkalmaz\u00e1s\u00e1val kapcsolatban, <strong>k\u00e9rdezze meg kezel\u0151orvos\u00e1t vagy gy\u00f3gyszer\u00e9sz\u00e9t.<\/p>\n\t\t\t\t\t\t    \t\t\t\t\t    <\/div>\n\t\t\t\t\t                        <\/div>\n\t\t\t\t<\/div>\n\t\t\t<\/div>\n\t\t<\/div>\n\t<\/div>\n<\/div>\n\n<div id=\"acf-block-674876760bea0\" class=\"block split-content equal-bias\" data-muted-autoplay=\"false\">\n\t<div class=\"wrapper\">\n\t\t<div class=\"inner-wrapper\">\n\t\t                                                                <div class=\"content-block first-block\">\n                                                                                                                                                                                                                                                <div class=\"video-poster\">\n\t\t\t                            <a class=\"modal-video permitted\" href=\"https:\/\/player.vimeo.com\/video\/1129297979\" style=\"background-image: url(https:\/\/vosoritideinjection.biomarin.com\/hu-hu\/wp-content\/uploads\/sites\/10\/2024\/11\/without.png?v=0.371);\">Play<\/a>\n\t\t                            <\/div>\n                                    \n                                                                                                                    \n                                                                                                                \n\t\t                                                                            <\/div>\n                    \n                                            <div class=\"content-block second-block\">\n                                                                                                <p style=\"text-align: center\"><small>Ennek a vide\u00f3nak a haszn\u00e1lat\u00e1t az EMEA-ban hagyt\u00e1k j\u00f3v\u00e1. A voszoritiddel kapcsolatos tov\u00e1bbi inform\u00e1ci\u00f3k\u00e9rt l\u00e1togasson el a k\u00f6vetkez\u0151 weboldalakra: <a href=\"https:\/\/www.ema.europa.eu\/en\/medicines\/human\/EPAR\/voxzogo\">https:\/\/www.ema.europa.eu\/en\/medicines\/human\/EPAR\/voxzogo<\/a>.<\/small><\/p>\n<p style=\"text-align: center\"><small><span style=\"color: #000\">\u25bc<\/span>Ez a gy\u00f3gyszer fokozott fel\u00fcgyelet alatt \u00e1ll, ami lehet\u0151v\u00e9 teszi az \u00faj gy\u00f3gyszerbiztons\u00e1gi inform\u00e1ci\u00f3k gyors azonos\u00edt\u00e1s\u00e1t. \u00d6n is seg\u00edthet a mell\u00e9khat\u00e1sok k\u00f6zvetlen\u00fcl a BioMarin-nak val\u00f3 jelz\u00e9s\u00e9vel e-mailen (<a href=\"mailto:drugsafety@bmrn.com\">drugsafety@bmrn.com<\/a>), faxon (1-415-532-3144) vagy telefonon (+1-415-506-6179). A mell\u00e9khat\u00e1sok bejelent\u00e9s\u00e9re a nemzeti jelent\u00e9st\u00e9teli rendszereken kereszt\u00fcl is lehet\u0151s\u00e9g van.<\/small><\/p>\n                                                                                    <\/div>\n                                                \t\t<\/div>\n\t<\/div>\n<\/div>\n\n<div id=\"acf-block-67485ac622e46\" class=\"block wrapped-content\">\n    <div class=\"wrapper\">\n        <div class=\"inner-wrapper\">\n                \n<div id=\"acf-block-67485ac622fe5\" class=\"block-wysiwyg\">\n    <\/div>\n        <\/div>\n    <\/div>\n<\/div>","protected":false},"excerpt":{"rendered":"","protected":false},"author":1,"featured_media":0,"parent":0,"menu_order":0,"comment_status":"closed","ping_status":"closed","template":"","meta":{"_acf_changed":false,"inline_featured_image":false,"footnotes":""},"class_list":["post-9","page","type-page","status-publish","hentry"],"acf":[],"yoast_head":"<!-- This site is optimized with the Yoast SEO plugin v27.1.1 - https:\/\/yoast.com\/product\/yoast-seo-wordpress\/ -->\n<title>Home - BioMarin Vosoritide Injection HU-HU<\/title>\n<meta name=\"robots\" content=\"index, follow, max-snippet:-1, max-image-preview:large, max-video-preview:-1\" \/>\n<link rel=\"canonical\" href=\"https:\/\/vosoritideinjection.biomarin.com\/hu-hu\/\" \/>\n<meta property=\"og:locale\" content=\"hu_HU\" \/>\n<meta property=\"og:type\" content=\"article\" \/>\n<meta property=\"og:title\" content=\"Home - BioMarin Vosoritide Injection HU-HU\" \/>\n<meta property=\"og:url\" content=\"https:\/\/vosoritideinjection.biomarin.com\/hu-hu\/\" \/>\n<meta property=\"og:site_name\" content=\"BioMarin Vosoritide Injection HU-HU\" \/>\n<meta property=\"article:modified_time\" content=\"2025-10-29T12:47:59+00:00\" \/>\n<meta name=\"twitter:card\" content=\"summary_large_image\" \/>\n<script type=\"application\/ld+json\" class=\"yoast-schema-graph\">{\"@context\":\"https:\/\/schema.org\",\"@graph\":[{\"@type\":\"WebPage\",\"@id\":\"https:\/\/vosoritideinjection.biomarin.com\/hu-hu\/\",\"url\":\"https:\/\/vosoritideinjection.biomarin.com\/hu-hu\/\",\"name\":\"Home - BioMarin Vosoritide Injection HU-HU\",\"isPartOf\":{\"@id\":\"https:\/\/vosoritideinjection.biomarin.com\/hu-hu\/#website\"},\"datePublished\":\"2024-11-26T12:49:01+00:00\",\"dateModified\":\"2025-10-29T12:47:59+00:00\",\"breadcrumb\":{\"@id\":\"https:\/\/vosoritideinjection.biomarin.com\/hu-hu\/#breadcrumb\"},\"inLanguage\":\"hu\",\"potentialAction\":[{\"@type\":\"ReadAction\",\"target\":[\"https:\/\/vosoritideinjection.biomarin.com\/hu-hu\/\"]}]},{\"@type\":\"BreadcrumbList\",\"@id\":\"https:\/\/vosoritideinjection.biomarin.com\/hu-hu\/#breadcrumb\",\"itemListElement\":[{\"@type\":\"ListItem\",\"position\":1,\"name\":\"Home\",\"item\":\"https:\/\/vosoritideinjection.biomarin.com\/hu-hu\/\"},{\"@type\":\"ListItem\",\"position\":2,\"name\":\"Home\"}]},{\"@type\":\"WebSite\",\"@id\":\"https:\/\/vosoritideinjection.biomarin.com\/hu-hu\/#website\",\"url\":\"https:\/\/vosoritideinjection.biomarin.com\/hu-hu\/\",\"name\":\"BioMarin Vosoritide Injection HU-HU\",\"description\":\"\",\"potentialAction\":[{\"@type\":\"SearchAction\",\"target\":{\"@type\":\"EntryPoint\",\"urlTemplate\":\"https:\/\/vosoritideinjection.biomarin.com\/hu-hu\/?s={search_term_string}\"},\"query-input\":{\"@type\":\"PropertyValueSpecification\",\"valueRequired\":true,\"valueName\":\"search_term_string\"}}],\"inLanguage\":\"hu\"}]}<\/script>\n<!-- \/ Yoast SEO plugin. -->","yoast_head_json":{"title":"Home - BioMarin Vosoritide Injection HU-HU","robots":{"index":"index","follow":"follow","max-snippet":"max-snippet:-1","max-image-preview":"max-image-preview:large","max-video-preview":"max-video-preview:-1"},"canonical":"https:\/\/vosoritideinjection.biomarin.com\/hu-hu\/","og_locale":"hu_HU","og_type":"article","og_title":"Home - BioMarin Vosoritide Injection HU-HU","og_url":"https:\/\/vosoritideinjection.biomarin.com\/hu-hu\/","og_site_name":"BioMarin Vosoritide Injection HU-HU","article_modified_time":"2025-10-29T12:47:59+00:00","twitter_card":"summary_large_image","schema":{"@context":"https:\/\/schema.org","@graph":[{"@type":"WebPage","@id":"https:\/\/vosoritideinjection.biomarin.com\/hu-hu\/","url":"https:\/\/vosoritideinjection.biomarin.com\/hu-hu\/","name":"Home - BioMarin Vosoritide Injection HU-HU","isPartOf":{"@id":"https:\/\/vosoritideinjection.biomarin.com\/hu-hu\/#website"},"datePublished":"2024-11-26T12:49:01+00:00","dateModified":"2025-10-29T12:47:59+00:00","breadcrumb":{"@id":"https:\/\/vosoritideinjection.biomarin.com\/hu-hu\/#breadcrumb"},"inLanguage":"hu","potentialAction":[{"@type":"ReadAction","target":["https:\/\/vosoritideinjection.biomarin.com\/hu-hu\/"]}]},{"@type":"BreadcrumbList","@id":"https:\/\/vosoritideinjection.biomarin.com\/hu-hu\/#breadcrumb","itemListElement":[{"@type":"ListItem","position":1,"name":"Home","item":"https:\/\/vosoritideinjection.biomarin.com\/hu-hu\/"},{"@type":"ListItem","position":2,"name":"Home"}]},{"@type":"WebSite","@id":"https:\/\/vosoritideinjection.biomarin.com\/hu-hu\/#website","url":"https:\/\/vosoritideinjection.biomarin.com\/hu-hu\/","name":"BioMarin Vosoritide Injection HU-HU","description":"","potentialAction":[{"@type":"SearchAction","target":{"@type":"EntryPoint","urlTemplate":"https:\/\/vosoritideinjection.biomarin.com\/hu-hu\/?s={search_term_string}"},"query-input":{"@type":"PropertyValueSpecification","valueRequired":true,"valueName":"search_term_string"}}],"inLanguage":"hu"}]}},"_links":{"self":[{"href":"https:\/\/vosoritideinjection.biomarin.com\/hu-hu\/wp-json\/wp\/v2\/pages\/9","targetHints":{"allow":["GET"]}}],"collection":[{"href":"https:\/\/vosoritideinjection.biomarin.com\/hu-hu\/wp-json\/wp\/v2\/pages"}],"about":[{"href":"https:\/\/vosoritideinjection.biomarin.com\/hu-hu\/wp-json\/wp\/v2\/types\/page"}],"author":[{"embeddable":true,"href":"https:\/\/vosoritideinjection.biomarin.com\/hu-hu\/wp-json\/wp\/v2\/users\/1"}],"replies":[{"embeddable":true,"href":"https:\/\/vosoritideinjection.biomarin.com\/hu-hu\/wp-json\/wp\/v2\/comments?post=9"}],"version-history":[{"count":92,"href":"https:\/\/vosoritideinjection.biomarin.com\/hu-hu\/wp-json\/wp\/v2\/pages\/9\/revisions"}],"predecessor-version":[{"id":169,"href":"https:\/\/vosoritideinjection.biomarin.com\/hu-hu\/wp-json\/wp\/v2\/pages\/9\/revisions\/169"}],"wp:attachment":[{"href":"https:\/\/vosoritideinjection.biomarin.com\/hu-hu\/wp-json\/wp\/v2\/media?parent=9"}],"curies":[{"name":"wp","href":"https:\/\/api.w.org\/{rel}","templated":true}]}}