{"id":9,"date":"2024-11-26T12:49:01","date_gmt":"2024-11-26T12:49:01","guid":{"rendered":"https:\/\/vosoritideinjection.biomarin.com\/pl-pl\/?page_id=9"},"modified":"2025-05-22T16:29:52","modified_gmt":"2025-05-22T16:29:52","slug":"home","status":"publish","type":"page","link":"https:\/\/vosoritideinjection.biomarin.com\/pl-pl\/","title":{"rendered":"Home"},"content":{"rendered":"<div id=\"acf-block-67485ac621e6e\" class=\"simple-hero\">\n            <div class=\"hero-background-image hero-background-image-desktop\" style=\"background-image: url(https:\/\/vosoritideinjection.biomarin.com\/pl-pl\/wp-content\/uploads\/sites\/22\/2024\/11\/header_2880px-2000x230.png);\"><\/div>\n\t    <div class=\"hero-background-image hero-background-image-mobile\" style=\"background-image: url(https:\/\/vosoritideinjection.biomarin.com\/pl-pl\/wp-content\/uploads\/sites\/22\/2024\/11\/header_2880px-2000x230.png);\"><\/div>\n        <div class=\"wrapper\">\n\t\t<div class=\"inner-wrapper\">\n\t\t\t<div class=\"hero-content\">\n\t\t\t\t\t\t\t\t\t\t\t\t    <h1><strong><span style=\"color: #020082\">Jak wstrzykiwa\u0107 wosorytyd (VOXZOGO<sup>\u00ae<\/sup><\/span><span style=\"color: #000\">\u25bc<\/span><span style=\"color: #020082\">)<\/span><\/strong>\n<\/h1>\n\t\t\t\t\t\t\t<\/div>\n\t\t<\/div>\n\t<\/div>\n<\/div>\n\n<div id=\"acf-block-674876760bea0\" class=\"block split-content equal-bias\" data-muted-autoplay=\"false\">\n\t<div class=\"wrapper\">\n\t\t<div class=\"inner-wrapper\">\n\t\t                                                                <div class=\"content-block first-block\">\n                                                                                                                                                                                                                                                <div class=\"video-poster\">\n\t\t\t                            <a class=\"modal-video permitted\" href=\"https:\/\/player.vimeo.com\/video\/1086815869\" style=\"background-image: url(https:\/\/vosoritideinjection.biomarin.com\/pl-pl\/wp-content\/uploads\/sites\/22\/2024\/11\/without.png?v=0.371);\">Play<\/a>\n\t\t                            <\/div>\n                                    \n                                                                                                                    \n                                                                                                                \n\t\t                                                                            <\/div>\n                    \n                                            <div class=\"content-block second-block\">\n                                                                                                <p><small>Ten film ma na celu pom\u00f3c w prawid\u0142owym podaniu wstrzykni\u0119cia wosorytydu. W przypadku jakichkolwiek dalszych pyta\u0144 dotycz\u0105cych stosowania tego leku nale\u017cy zwr\u00f3ci\u0107 si\u0119 do lekarza lub farmaceuty.<\/small><\/p>\n<p><small>Ten film zosta\u0142 zatwierdzony do wykorzystania w regionie EMEA. Wi\u0119cej informacji na temat wosorytydu mo\u017cna znale\u017a\u0107 na stronie: <a href=\"https:\/\/www.ema.europa.eu\/en\/medicines\/human\/EPAR\/voxzogo\">https:\/\/www.ema.europa.eu\/en\/medicines\/human\/EPAR\/voxzogo<\/a>.<\/small><\/p>\n<p><small>Ta strona internetowa zosta\u0142a opracowana i sfinansowana przez BioMarin i jest przeznaczona wy\u0142\u0105cznie dla pacjent\u00f3w lub opiekun\u00f3w pacjent\u00f3w, kt\u00f3rym przepisano wosorytyd.<\/small><\/p>\n<p><small>\u25bc Niniejszy produkt leczniczy b\u0119dzie dodatkowo monitorowany. Umo\u017cliwi to szybkie zidentyfikowanie nowych informacji o bezpiecze\u0144stwie. Mo\u017cesz pom\u00f3c, zg\u0142aszaj\u0105c wszelkie dzia\u0142ania niepo\u017c\u0105dane bezpo\u015brednio do firmy BioMarin, korzystaj\u0105c z adresu <a href=\"mailto:drugsafety@bmrn.com\">drugsafety@bmrn.com<\/a>;<br \/>\nfaks: 1-415-532-3144 lub tel.: +1-415-506-6179. Dzia\u0142ania niepo\u017c\u0105dane mo\u017cna zg\u0142asza\u0107 r\u00f3wnie\u017c do krajowych system\u00f3w zg\u0142aszania.<\/small><\/p>\n                                                                                    <\/div>\n                                                \t\t<\/div>\n\t<\/div>\n<\/div>\n\n<div id=\"acf-block-67485ac622e46\" class=\"block wrapped-content\">\n    <div class=\"wrapper\">\n        <div class=\"inner-wrapper\">\n                \n<div id=\"acf-block-67485ac622fe5\" class=\"block-wysiwyg\">\n    <\/div>\n        <\/div>\n    <\/div>\n<\/div>","protected":false},"excerpt":{"rendered":"","protected":false},"author":1,"featured_media":0,"parent":0,"menu_order":0,"comment_status":"closed","ping_status":"closed","template":"","meta":{"_acf_changed":false,"inline_featured_image":false,"footnotes":""},"class_list":["post-9","page","type-page","status-publish","hentry"],"acf":[],"yoast_head":"<!-- This site is optimized with the Yoast SEO plugin v27.1.1 - https:\/\/yoast.com\/product\/yoast-seo-wordpress\/ -->\n<title>Home - BioMarin Vosoritide Injection HCP PL-PL<\/title>\n<meta name=\"robots\" content=\"index, follow, max-snippet:-1, max-image-preview:large, max-video-preview:-1\" \/>\n<link rel=\"canonical\" href=\"https:\/\/vosoritideinjection.biomarin.com\/pl-pl\/\" \/>\n<meta property=\"og:locale\" content=\"pl_PL\" \/>\n<meta property=\"og:type\" content=\"article\" \/>\n<meta property=\"og:title\" content=\"Home - BioMarin Vosoritide Injection HCP PL-PL\" \/>\n<meta property=\"og:url\" content=\"https:\/\/vosoritideinjection.biomarin.com\/pl-pl\/\" \/>\n<meta property=\"og:site_name\" content=\"BioMarin Vosoritide Injection HCP PL-PL\" \/>\n<meta property=\"article:modified_time\" content=\"2025-05-22T16:29:52+00:00\" \/>\n<meta name=\"twitter:card\" content=\"summary_large_image\" \/>\n<script type=\"application\/ld+json\" class=\"yoast-schema-graph\">{\"@context\":\"https:\/\/schema.org\",\"@graph\":[{\"@type\":\"WebPage\",\"@id\":\"https:\/\/vosoritideinjection.biomarin.com\/pl-pl\/\",\"url\":\"https:\/\/vosoritideinjection.biomarin.com\/pl-pl\/\",\"name\":\"Home - BioMarin Vosoritide Injection HCP PL-PL\",\"isPartOf\":{\"@id\":\"https:\/\/vosoritideinjection.biomarin.com\/pl-pl\/#website\"},\"datePublished\":\"2024-11-26T12:49:01+00:00\",\"dateModified\":\"2025-05-22T16:29:52+00:00\",\"breadcrumb\":{\"@id\":\"https:\/\/vosoritideinjection.biomarin.com\/pl-pl\/#breadcrumb\"},\"inLanguage\":\"pl-PL\",\"potentialAction\":[{\"@type\":\"ReadAction\",\"target\":[\"https:\/\/vosoritideinjection.biomarin.com\/pl-pl\/\"]}]},{\"@type\":\"BreadcrumbList\",\"@id\":\"https:\/\/vosoritideinjection.biomarin.com\/pl-pl\/#breadcrumb\",\"itemListElement\":[{\"@type\":\"ListItem\",\"position\":1,\"name\":\"Home\",\"item\":\"https:\/\/vosoritideinjection.biomarin.com\/pl-pl\/\"},{\"@type\":\"ListItem\",\"position\":2,\"name\":\"Home\"}]},{\"@type\":\"WebSite\",\"@id\":\"https:\/\/vosoritideinjection.biomarin.com\/pl-pl\/#website\",\"url\":\"https:\/\/vosoritideinjection.biomarin.com\/pl-pl\/\",\"name\":\"BioMarin Vosoritide Injection HCP PL-PL\",\"description\":\"\",\"potentialAction\":[{\"@type\":\"SearchAction\",\"target\":{\"@type\":\"EntryPoint\",\"urlTemplate\":\"https:\/\/vosoritideinjection.biomarin.com\/pl-pl\/?s={search_term_string}\"},\"query-input\":{\"@type\":\"PropertyValueSpecification\",\"valueRequired\":true,\"valueName\":\"search_term_string\"}}],\"inLanguage\":\"pl-PL\"}]}<\/script>\n<!-- \/ Yoast SEO plugin. -->","yoast_head_json":{"title":"Home - BioMarin Vosoritide Injection HCP PL-PL","robots":{"index":"index","follow":"follow","max-snippet":"max-snippet:-1","max-image-preview":"max-image-preview:large","max-video-preview":"max-video-preview:-1"},"canonical":"https:\/\/vosoritideinjection.biomarin.com\/pl-pl\/","og_locale":"pl_PL","og_type":"article","og_title":"Home - BioMarin Vosoritide Injection HCP PL-PL","og_url":"https:\/\/vosoritideinjection.biomarin.com\/pl-pl\/","og_site_name":"BioMarin Vosoritide Injection HCP PL-PL","article_modified_time":"2025-05-22T16:29:52+00:00","twitter_card":"summary_large_image","schema":{"@context":"https:\/\/schema.org","@graph":[{"@type":"WebPage","@id":"https:\/\/vosoritideinjection.biomarin.com\/pl-pl\/","url":"https:\/\/vosoritideinjection.biomarin.com\/pl-pl\/","name":"Home - BioMarin Vosoritide Injection HCP PL-PL","isPartOf":{"@id":"https:\/\/vosoritideinjection.biomarin.com\/pl-pl\/#website"},"datePublished":"2024-11-26T12:49:01+00:00","dateModified":"2025-05-22T16:29:52+00:00","breadcrumb":{"@id":"https:\/\/vosoritideinjection.biomarin.com\/pl-pl\/#breadcrumb"},"inLanguage":"pl-PL","potentialAction":[{"@type":"ReadAction","target":["https:\/\/vosoritideinjection.biomarin.com\/pl-pl\/"]}]},{"@type":"BreadcrumbList","@id":"https:\/\/vosoritideinjection.biomarin.com\/pl-pl\/#breadcrumb","itemListElement":[{"@type":"ListItem","position":1,"name":"Home","item":"https:\/\/vosoritideinjection.biomarin.com\/pl-pl\/"},{"@type":"ListItem","position":2,"name":"Home"}]},{"@type":"WebSite","@id":"https:\/\/vosoritideinjection.biomarin.com\/pl-pl\/#website","url":"https:\/\/vosoritideinjection.biomarin.com\/pl-pl\/","name":"BioMarin Vosoritide Injection HCP PL-PL","description":"","potentialAction":[{"@type":"SearchAction","target":{"@type":"EntryPoint","urlTemplate":"https:\/\/vosoritideinjection.biomarin.com\/pl-pl\/?s={search_term_string}"},"query-input":{"@type":"PropertyValueSpecification","valueRequired":true,"valueName":"search_term_string"}}],"inLanguage":"pl-PL"}]}},"_links":{"self":[{"href":"https:\/\/vosoritideinjection.biomarin.com\/pl-pl\/wp-json\/wp\/v2\/pages\/9","targetHints":{"allow":["GET"]}}],"collection":[{"href":"https:\/\/vosoritideinjection.biomarin.com\/pl-pl\/wp-json\/wp\/v2\/pages"}],"about":[{"href":"https:\/\/vosoritideinjection.biomarin.com\/pl-pl\/wp-json\/wp\/v2\/types\/page"}],"author":[{"embeddable":true,"href":"https:\/\/vosoritideinjection.biomarin.com\/pl-pl\/wp-json\/wp\/v2\/users\/1"}],"replies":[{"embeddable":true,"href":"https:\/\/vosoritideinjection.biomarin.com\/pl-pl\/wp-json\/wp\/v2\/comments?post=9"}],"version-history":[{"count":98,"href":"https:\/\/vosoritideinjection.biomarin.com\/pl-pl\/wp-json\/wp\/v2\/pages\/9\/revisions"}],"predecessor-version":[{"id":169,"href":"https:\/\/vosoritideinjection.biomarin.com\/pl-pl\/wp-json\/wp\/v2\/pages\/9\/revisions\/169"}],"wp:attachment":[{"href":"https:\/\/vosoritideinjection.biomarin.com\/pl-pl\/wp-json\/wp\/v2\/media?parent=9"}],"curies":[{"name":"wp","href":"https:\/\/api.w.org\/{rel}","templated":true}]}}