{"id":9,"date":"2024-11-26T12:49:01","date_gmt":"2024-11-26T12:49:01","guid":{"rendered":"https:\/\/vosoritideinjection.biomarin.com\/pt-pt\/?page_id=9"},"modified":"2024-12-17T19:09:31","modified_gmt":"2024-12-17T19:09:31","slug":"home","status":"publish","type":"page","link":"https:\/\/vosoritideinjection.biomarin.com\/pt-pt\/","title":{"rendered":"Home"},"content":{"rendered":"<div id=\"acf-block-67485ac621e6e\" class=\"simple-hero\">\n            <div class=\"hero-background-image hero-background-image-desktop\" style=\"background-image: url(https:\/\/vosoritideinjection.biomarin.com\/pt-pt\/wp-content\/uploads\/sites\/14\/2024\/11\/header_2880px-2000x230.png);\"><\/div>\n\t    <div class=\"hero-background-image hero-background-image-mobile\" style=\"background-image: url(https:\/\/vosoritideinjection.biomarin.com\/pt-pt\/wp-content\/uploads\/sites\/14\/2024\/11\/header_2880px-2000x230.png);\"><\/div>\n        <div class=\"wrapper\">\n\t\t<div class=\"inner-wrapper\">\n\t\t\t<div class=\"hero-content\">\n\t\t\t\t\t\t\t\t\t\t\t\t    <h1><strong><span style=\"color: #020082\">Como injetar a vosoritida (VOXZOGO<sup>\u00ae<\/sup><\/span><span style=\"color: #000\">\u25bc<\/span><span style=\"color: #020082\">)<\/span><\/strong>\n<\/h1>\n\t\t\t\t\t\t\t<\/div>\n\t\t<\/div>\n\t<\/div>\n<\/div>\n\n<div id=\"acf-block-67485ac622213\" class=\"block call-to-action call-to-action-no-overlay\">\n    <div class=\"wrapper\">\n\t\t<div class=\"inner-wrapper\">\n\t\t\t<div class=\"box\" style=\"background-image: url(https:\/\/vosoritideinjection.biomarin.com\/pt-pt\/wp-content\/uploads\/sites\/14\/2024\/11\/ybg-2000x230.jpg);\">\n\t\t\t\t<div class=\"overlay\"><\/div>\n\t\t\t\t<div class=\"cta-content\">\n\t\t\t\t    \t\t\t\t\t<div class=\"cta-content-main\">\n                        <div class=\"content-block\">\n\t\t\t\t\t        \t\t\t\t\t        \t\t\t\t\t\t    \t\t\t\t\t\t        <p style=\"font-size: 1.3rem;color: #020082\">Existe <strong>mais do que um tipo<\/strong> de agulha do solvente e seringa de inje\u00e7\u00e3o utilizados para as inje\u00e7\u00f5es de vosoritida. O v\u00eddeo que precisa de ver vai depender de qual \u00e9 a agulha e seringa que est\u00e1 a utilizar.<\/p>\n<p style=\"font-size: 1.3rem;color: #020082\">Para identificar o v\u00eddeo explicativo correto para si, verifique cuidadosamente o <strong>folheto informativo<\/strong> fornecido dentro da embalagem de vosoritida para identificar <strong>qual \u00e9 a agulha do solvente e seringa de inje\u00e7\u00e3o que tem<\/strong>.<\/strong><\/p>\n\t\t\t\t\t\t    \t\t\t\t\t    <\/div>\n\t\t\t\t\t                        <\/div>\n\t\t\t\t<\/div>\n\t\t\t<\/div>\n\t\t<\/div>\n\t<\/div>\n<\/div>\n\n<div id=\"acf-block-674876760bea0\" class=\"block split-content equal-bias\" data-muted-autoplay=\"false\">\n\t<div class=\"wrapper\">\n\t\t<div class=\"inner-wrapper\">\n\t\t                                                                <div class=\"content-block first-block\">\n                                                                                                <h2 style=\"color: #020082\"><strong><em>Com uma<\/em> ABA AZUL<\/strong><\/h2>\n<p>Este v\u00eddeo explicativo destina-se \u00e0 utiliza\u00e7\u00e3o da vosoritida com uma agulha do solvente <strong><span style=\"color: #020082\"><em>com<\/em> ABA AZUL<\/span><\/strong> e a seringa de inje\u00e7\u00e3o ilustradas a seguir.<\/p>\n                                                                                                                                                                                                                                                                                <div class=\"video-poster\">\n\t\t\t                            <a class=\"modal-video permitted\" href=\"https:\/\/player.vimeo.com\/video\/927848310\" style=\"background-image: url(https:\/\/vosoritideinjection.biomarin.com\/pt-pt\/wp-content\/uploads\/sites\/14\/2024\/11\/with.png?v=0.371);\">Play<\/a>\n\t\t                            <\/div>\n                                    \n                                                                                                                    \n                                                                                                                \n\t\t                                                                            <\/div>\n                    \n                                            <div class=\"content-block second-block\">\n                                                                                                <h2 style=\"color: #000000\"><strong><em>Sem uma<\/em> ABA AZUL<\/strong><\/h2>\n<p>Este v\u00eddeo explicativo destina-se \u00e0 utiliza\u00e7\u00e3o da vosoritida com uma agulha do solvente <strong><em>sem<\/em> ABA AZUL<\/strong> e a seringa de inje\u00e7\u00e3o ilustradas a seguir.<\/p>\n                                                                                                                                                                                                                                                                                <div class=\"video-poster\">\n\t\t\t                            <a class=\"modal-video permitted\" href=\"https:\/\/player.vimeo.com\/video\/927848444\" style=\"background-image: url(https:\/\/vosoritideinjection.biomarin.com\/pt-pt\/wp-content\/uploads\/sites\/14\/2024\/11\/without.png?v=0.371);\">Play<\/a>\n\t\t                            <\/div> \n                                    \n                                                                                                                    \n                                                                                                                                                   \n                                    \n\t\t                                                                            <\/div>\n                                                \t\t<\/div>\n\t<\/div>\n<\/div>\n\n<div id=\"acf-block-67485ac622e46\" class=\"block wrapped-content\">\n    <div class=\"wrapper\">\n        <div class=\"inner-wrapper\">\n                \n<div id=\"acf-block-67485ac622fe5\" class=\"block-wysiwyg\">\n            <p style=\"text-align: center\"><small>Estes v\u00eddeos s\u00e3o oferecidos para ajudar na utiliza\u00e7\u00e3o correta da inje\u00e7\u00e3o de vosoritida. Caso ainda tenha d\u00favidas sobre a utiliza\u00e7\u00e3o deste medicamento, fale com o seu m\u00e9dico ou farmac\u00eautico.<\/small><\/p>\n<p style=\"text-align: center\"><small>Estes v\u00eddeos foram desenvolvidos de acordo com a informa\u00e7\u00e3o de prescri\u00e7\u00e3o aprovada pela Ag\u00eancia Europeia de Medicamentos (EMA). Para mais informa\u00e7\u00f5es sobre vosoritida, visite: <a href=\"https:\/\/www.ema.europa.eu\/en\/medicines\/human\/EPAR\/voxzogo\">https:\/\/www.ema.europa.eu\/en\/medicines\/human\/EPAR\/voxzogo<\/a>.<\/small><\/p>\n<p style=\"text-align: center\"><small>Este site \u00e9 desenvolvido e financiado pela BioMarin e \u00e9 apenas para pacientes, ou cuidadores de pacientes, a quem foi prescrita vosoritida.<\/small><\/p>\n<p style=\"text-align: center\"><small>\u25bc Este medicamento est\u00e1 sujeito a monitoriza\u00e7\u00e3o adicional. Isto ir\u00e1 permitir a r\u00e1pida identifica\u00e7\u00e3o de nova informa\u00e7\u00e3o de seguran\u00e7a. Poder\u00e1 ajudar, comunicando quaisquer efeitos indesej\u00e1veis diretamente \u00e0 BioMarin via <a href=\"mailto:drugsafety@bmrn.com\">drugsafety@bmrn.com<\/a>;<br \/>\nFax: +1-415-532-3144 ou Tel: <a href=\"tel:+1-415-506-6179\">+1-415-506-6179<\/a>. Tamb\u00e9m poder\u00e1 comunicar efeitos indesej\u00e1veis diretamente atrav\u00e9s do sistema nacional de notifica\u00e7\u00e3o.<\/small><\/p>\n    <\/div>\n        <\/div>\n    <\/div>\n<\/div>","protected":false},"excerpt":{"rendered":"","protected":false},"author":1,"featured_media":0,"parent":0,"menu_order":0,"comment_status":"closed","ping_status":"closed","template":"","meta":{"_acf_changed":false,"inline_featured_image":false,"footnotes":""},"class_list":["post-9","page","type-page","status-publish","hentry"],"acf":[],"yoast_head":"<!-- This site is optimized with the Yoast SEO plugin v27.1.1 - https:\/\/yoast.com\/product\/yoast-seo-wordpress\/ -->\n<title>Home - BioMarin Vosoritide Injection PT-PT<\/title>\n<meta name=\"robots\" content=\"index, follow, max-snippet:-1, max-image-preview:large, max-video-preview:-1\" \/>\n<link rel=\"canonical\" href=\"https:\/\/vosoritideinjection.biomarin.com\/pt-pt\/\" \/>\n<meta property=\"og:locale\" content=\"pt_PT\" \/>\n<meta property=\"og:type\" content=\"article\" \/>\n<meta property=\"og:title\" content=\"Home - BioMarin Vosoritide Injection PT-PT\" \/>\n<meta property=\"og:url\" content=\"https:\/\/vosoritideinjection.biomarin.com\/pt-pt\/\" \/>\n<meta property=\"og:site_name\" content=\"BioMarin Vosoritide Injection PT-PT\" \/>\n<meta property=\"article:modified_time\" content=\"2024-12-17T19:09:31+00:00\" \/>\n<meta name=\"twitter:card\" content=\"summary_large_image\" \/>\n<script type=\"application\/ld+json\" class=\"yoast-schema-graph\">{\"@context\":\"https:\/\/schema.org\",\"@graph\":[{\"@type\":\"WebPage\",\"@id\":\"https:\/\/vosoritideinjection.biomarin.com\/pt-pt\/\",\"url\":\"https:\/\/vosoritideinjection.biomarin.com\/pt-pt\/\",\"name\":\"Home - BioMarin Vosoritide Injection PT-PT\",\"isPartOf\":{\"@id\":\"https:\/\/vosoritideinjection.biomarin.com\/pt-pt\/#website\"},\"datePublished\":\"2024-11-26T12:49:01+00:00\",\"dateModified\":\"2024-12-17T19:09:31+00:00\",\"breadcrumb\":{\"@id\":\"https:\/\/vosoritideinjection.biomarin.com\/pt-pt\/#breadcrumb\"},\"inLanguage\":\"pt-PT\",\"potentialAction\":[{\"@type\":\"ReadAction\",\"target\":[\"https:\/\/vosoritideinjection.biomarin.com\/pt-pt\/\"]}]},{\"@type\":\"BreadcrumbList\",\"@id\":\"https:\/\/vosoritideinjection.biomarin.com\/pt-pt\/#breadcrumb\",\"itemListElement\":[{\"@type\":\"ListItem\",\"position\":1,\"name\":\"Home\",\"item\":\"https:\/\/vosoritideinjection.biomarin.com\/pt-pt\/\"},{\"@type\":\"ListItem\",\"position\":2,\"name\":\"Home\"}]},{\"@type\":\"WebSite\",\"@id\":\"https:\/\/vosoritideinjection.biomarin.com\/pt-pt\/#website\",\"url\":\"https:\/\/vosoritideinjection.biomarin.com\/pt-pt\/\",\"name\":\"BioMarin Vosoritide Injection PT-PT\",\"description\":\"\",\"potentialAction\":[{\"@type\":\"SearchAction\",\"target\":{\"@type\":\"EntryPoint\",\"urlTemplate\":\"https:\/\/vosoritideinjection.biomarin.com\/pt-pt\/?s={search_term_string}\"},\"query-input\":{\"@type\":\"PropertyValueSpecification\",\"valueRequired\":true,\"valueName\":\"search_term_string\"}}],\"inLanguage\":\"pt-PT\"}]}<\/script>\n<!-- \/ Yoast SEO plugin. -->","yoast_head_json":{"title":"Home - BioMarin Vosoritide Injection PT-PT","robots":{"index":"index","follow":"follow","max-snippet":"max-snippet:-1","max-image-preview":"max-image-preview:large","max-video-preview":"max-video-preview:-1"},"canonical":"https:\/\/vosoritideinjection.biomarin.com\/pt-pt\/","og_locale":"pt_PT","og_type":"article","og_title":"Home - BioMarin Vosoritide Injection PT-PT","og_url":"https:\/\/vosoritideinjection.biomarin.com\/pt-pt\/","og_site_name":"BioMarin Vosoritide Injection PT-PT","article_modified_time":"2024-12-17T19:09:31+00:00","twitter_card":"summary_large_image","schema":{"@context":"https:\/\/schema.org","@graph":[{"@type":"WebPage","@id":"https:\/\/vosoritideinjection.biomarin.com\/pt-pt\/","url":"https:\/\/vosoritideinjection.biomarin.com\/pt-pt\/","name":"Home - BioMarin Vosoritide Injection PT-PT","isPartOf":{"@id":"https:\/\/vosoritideinjection.biomarin.com\/pt-pt\/#website"},"datePublished":"2024-11-26T12:49:01+00:00","dateModified":"2024-12-17T19:09:31+00:00","breadcrumb":{"@id":"https:\/\/vosoritideinjection.biomarin.com\/pt-pt\/#breadcrumb"},"inLanguage":"pt-PT","potentialAction":[{"@type":"ReadAction","target":["https:\/\/vosoritideinjection.biomarin.com\/pt-pt\/"]}]},{"@type":"BreadcrumbList","@id":"https:\/\/vosoritideinjection.biomarin.com\/pt-pt\/#breadcrumb","itemListElement":[{"@type":"ListItem","position":1,"name":"Home","item":"https:\/\/vosoritideinjection.biomarin.com\/pt-pt\/"},{"@type":"ListItem","position":2,"name":"Home"}]},{"@type":"WebSite","@id":"https:\/\/vosoritideinjection.biomarin.com\/pt-pt\/#website","url":"https:\/\/vosoritideinjection.biomarin.com\/pt-pt\/","name":"BioMarin Vosoritide Injection PT-PT","description":"","potentialAction":[{"@type":"SearchAction","target":{"@type":"EntryPoint","urlTemplate":"https:\/\/vosoritideinjection.biomarin.com\/pt-pt\/?s={search_term_string}"},"query-input":{"@type":"PropertyValueSpecification","valueRequired":true,"valueName":"search_term_string"}}],"inLanguage":"pt-PT"}]}},"_links":{"self":[{"href":"https:\/\/vosoritideinjection.biomarin.com\/pt-pt\/wp-json\/wp\/v2\/pages\/9","targetHints":{"allow":["GET"]}}],"collection":[{"href":"https:\/\/vosoritideinjection.biomarin.com\/pt-pt\/wp-json\/wp\/v2\/pages"}],"about":[{"href":"https:\/\/vosoritideinjection.biomarin.com\/pt-pt\/wp-json\/wp\/v2\/types\/page"}],"author":[{"embeddable":true,"href":"https:\/\/vosoritideinjection.biomarin.com\/pt-pt\/wp-json\/wp\/v2\/users\/1"}],"replies":[{"embeddable":true,"href":"https:\/\/vosoritideinjection.biomarin.com\/pt-pt\/wp-json\/wp\/v2\/comments?post=9"}],"version-history":[{"count":92,"href":"https:\/\/vosoritideinjection.biomarin.com\/pt-pt\/wp-json\/wp\/v2\/pages\/9\/revisions"}],"predecessor-version":[{"id":158,"href":"https:\/\/vosoritideinjection.biomarin.com\/pt-pt\/wp-json\/wp\/v2\/pages\/9\/revisions\/158"}],"wp:attachment":[{"href":"https:\/\/vosoritideinjection.biomarin.com\/pt-pt\/wp-json\/wp\/v2\/media?parent=9"}],"curies":[{"name":"wp","href":"https:\/\/api.w.org\/{rel}","templated":true}]}}