{"id":9,"date":"2024-11-26T12:49:01","date_gmt":"2024-11-26T12:49:01","guid":{"rendered":"https:\/\/vosoritideinjection.biomarin.com\/ro-ro\/?page_id=9"},"modified":"2025-03-26T14:25:32","modified_gmt":"2025-03-26T14:25:32","slug":"home","status":"publish","type":"page","link":"https:\/\/vosoritideinjection.biomarin.com\/ro-ro\/","title":{"rendered":"Home"},"content":{"rendered":"<div id=\"acf-block-67485ac621e6e\" class=\"simple-hero\">\n            <div class=\"hero-background-image hero-background-image-desktop\" style=\"background-image: url(https:\/\/vosoritideinjection.biomarin.com\/ro-ro\/wp-content\/uploads\/sites\/21\/2024\/11\/header_2880px-2000x230.png);\"><\/div>\n\t    <div class=\"hero-background-image hero-background-image-mobile\" style=\"background-image: url(https:\/\/vosoritideinjection.biomarin.com\/ro-ro\/wp-content\/uploads\/sites\/21\/2024\/11\/header_2880px-2000x230.png);\"><\/div>\n        <div class=\"wrapper\">\n\t\t<div class=\"inner-wrapper\">\n\t\t\t<div class=\"hero-content\">\n\t\t\t\t\t\t\t\t\t\t\t\t    <h1><strong><span style=\"color: #020082\">Cum se injecteaza VOXZOGO<sup>\u00ae<\/sup><\/span><span style=\"color: #000\">\u25bc<\/span><\/strong>\n<\/h1>\n\t\t\t\t\t\t\t<\/div>\n\t\t<\/div>\n\t<\/div>\n<\/div>\n\n<div id=\"acf-block-674876760bea0\" class=\"block split-content equal-bias\" data-muted-autoplay=\"false\">\n\t<div class=\"wrapper\">\n\t\t<div class=\"inner-wrapper\">\n\t\t                                                                <div class=\"content-block first-block\">\n                                                                                                                                                                                                                                                <div class=\"video-poster\">\n\t\t\t                            <a class=\"modal-video permitted\" href=\"https:\/\/player.vimeo.com\/video\/1067429505\" style=\"background-image: url(https:\/\/vosoritideinjection.biomarin.com\/ro-ro\/wp-content\/uploads\/sites\/21\/2024\/11\/without.png?v=0.371);\">Play<\/a>\n\t\t                            <\/div>\n                                    \n                                                                                                                    \n                                                                                                                \n\t\t                                                                            <\/div>\n                    \n                                            <div class=\"content-block second-block\">\n                                                                                                <p style=\"text-align: center\">Acest clip video este oferit pentru a sprijini utilizarea corect\u0103 a injecpei cu VOXZOGO<sup>\u00ae<\/sup>. Dac\u0103 ave\u021bi \u0219i alte \u00eentreb\u0103ri privind utilizarea acestui medicament, adresa\u021bi-v\u0103 medicului copilului dvs. sau farmacistului.<\/p>\n<p style=\"text-align: center\">Acest clip video a fast aprobat pentru utilizare \u00een EMEA. Pentru informa\u021bii suplimentare privind vosoritida, v\u0103 rug\u0103m s\u0103 vizita\u021bi: <a href=\"https:\/\/www.ema.europa.eu\/en\/medicines\/human\/EPAR\/voxzogo\">https:\/\/www.ema.europa.eu\/en\/medicines\/human\/EPAR\/voxzogo.<\/a><\/p>\n<p style=\"text-align: center\"><small>\u25bc Acest medicament face obiectul unei monitoriz\u0103ri suplimentare. Acest lucru va permite identificarea rapid\u0103 de noi informa\u021bii referitoare la siguran\u021b\u0103. Pute\u021bi ajuta raport\u0103nd orice reac\u021bie advers\u0103 direct c\u0103tre BioMarin la <a href=\"mailto:drugsafety@bmrn.com\">drugsafety@bmrn.com<\/a>; Fax: +1-415-532-3144 sau Tel: <a href=\"tel:+1-415-506-6179\">+1-415-506-6179<\/a>. Raportarea reac\u021biilor adverse este posibil\u0103 \u0219i prin intermediul sistemelor na\u021bionale de raportare.<\/small><\/p>\n                                                                                    <\/div>\n                                                \t\t<\/div>\n\t<\/div>\n<\/div>","protected":false},"excerpt":{"rendered":"","protected":false},"author":1,"featured_media":0,"parent":0,"menu_order":0,"comment_status":"closed","ping_status":"closed","template":"","meta":{"_acf_changed":false,"inline_featured_image":false,"footnotes":""},"class_list":["post-9","page","type-page","status-publish","hentry"],"acf":[],"yoast_head":"<!-- This site is optimized with the Yoast SEO plugin v27.1.1 - https:\/\/yoast.com\/product\/yoast-seo-wordpress\/ -->\n<title>Home - BioMarin Vosoritide Injection HCP RO-RO<\/title>\n<meta name=\"robots\" content=\"index, follow, max-snippet:-1, max-image-preview:large, max-video-preview:-1\" \/>\n<link rel=\"canonical\" href=\"https:\/\/vosoritideinjection.biomarin.com\/ro-ro\/\" \/>\n<meta property=\"og:locale\" content=\"ro_RO\" \/>\n<meta property=\"og:type\" content=\"article\" \/>\n<meta property=\"og:title\" content=\"Home - BioMarin Vosoritide Injection HCP RO-RO\" \/>\n<meta property=\"og:url\" content=\"https:\/\/vosoritideinjection.biomarin.com\/ro-ro\/\" \/>\n<meta property=\"og:site_name\" content=\"BioMarin Vosoritide Injection HCP RO-RO\" \/>\n<meta property=\"article:modified_time\" content=\"2025-03-26T14:25:32+00:00\" \/>\n<meta name=\"twitter:card\" content=\"summary_large_image\" \/>\n<script type=\"application\/ld+json\" class=\"yoast-schema-graph\">{\"@context\":\"https:\/\/schema.org\",\"@graph\":[{\"@type\":\"WebPage\",\"@id\":\"https:\/\/vosoritideinjection.biomarin.com\/ro-ro\/\",\"url\":\"https:\/\/vosoritideinjection.biomarin.com\/ro-ro\/\",\"name\":\"Home - BioMarin Vosoritide Injection HCP RO-RO\",\"isPartOf\":{\"@id\":\"https:\/\/vosoritideinjection.biomarin.com\/ro-ro\/#website\"},\"datePublished\":\"2024-11-26T12:49:01+00:00\",\"dateModified\":\"2025-03-26T14:25:32+00:00\",\"breadcrumb\":{\"@id\":\"https:\/\/vosoritideinjection.biomarin.com\/ro-ro\/#breadcrumb\"},\"inLanguage\":\"ro-RO\",\"potentialAction\":[{\"@type\":\"ReadAction\",\"target\":[\"https:\/\/vosoritideinjection.biomarin.com\/ro-ro\/\"]}]},{\"@type\":\"BreadcrumbList\",\"@id\":\"https:\/\/vosoritideinjection.biomarin.com\/ro-ro\/#breadcrumb\",\"itemListElement\":[{\"@type\":\"ListItem\",\"position\":1,\"name\":\"Home\",\"item\":\"https:\/\/vosoritideinjection.biomarin.com\/ro-ro\/\"},{\"@type\":\"ListItem\",\"position\":2,\"name\":\"Home\"}]},{\"@type\":\"WebSite\",\"@id\":\"https:\/\/vosoritideinjection.biomarin.com\/ro-ro\/#website\",\"url\":\"https:\/\/vosoritideinjection.biomarin.com\/ro-ro\/\",\"name\":\"BioMarin Vosoritide Injection HCP RO-RO\",\"description\":\"\",\"potentialAction\":[{\"@type\":\"SearchAction\",\"target\":{\"@type\":\"EntryPoint\",\"urlTemplate\":\"https:\/\/vosoritideinjection.biomarin.com\/ro-ro\/?s={search_term_string}\"},\"query-input\":{\"@type\":\"PropertyValueSpecification\",\"valueRequired\":true,\"valueName\":\"search_term_string\"}}],\"inLanguage\":\"ro-RO\"}]}<\/script>\n<!-- \/ Yoast SEO plugin. -->","yoast_head_json":{"title":"Home - BioMarin Vosoritide Injection HCP RO-RO","robots":{"index":"index","follow":"follow","max-snippet":"max-snippet:-1","max-image-preview":"max-image-preview:large","max-video-preview":"max-video-preview:-1"},"canonical":"https:\/\/vosoritideinjection.biomarin.com\/ro-ro\/","og_locale":"ro_RO","og_type":"article","og_title":"Home - BioMarin Vosoritide Injection HCP RO-RO","og_url":"https:\/\/vosoritideinjection.biomarin.com\/ro-ro\/","og_site_name":"BioMarin Vosoritide Injection HCP RO-RO","article_modified_time":"2025-03-26T14:25:32+00:00","twitter_card":"summary_large_image","schema":{"@context":"https:\/\/schema.org","@graph":[{"@type":"WebPage","@id":"https:\/\/vosoritideinjection.biomarin.com\/ro-ro\/","url":"https:\/\/vosoritideinjection.biomarin.com\/ro-ro\/","name":"Home - BioMarin Vosoritide Injection HCP RO-RO","isPartOf":{"@id":"https:\/\/vosoritideinjection.biomarin.com\/ro-ro\/#website"},"datePublished":"2024-11-26T12:49:01+00:00","dateModified":"2025-03-26T14:25:32+00:00","breadcrumb":{"@id":"https:\/\/vosoritideinjection.biomarin.com\/ro-ro\/#breadcrumb"},"inLanguage":"ro-RO","potentialAction":[{"@type":"ReadAction","target":["https:\/\/vosoritideinjection.biomarin.com\/ro-ro\/"]}]},{"@type":"BreadcrumbList","@id":"https:\/\/vosoritideinjection.biomarin.com\/ro-ro\/#breadcrumb","itemListElement":[{"@type":"ListItem","position":1,"name":"Home","item":"https:\/\/vosoritideinjection.biomarin.com\/ro-ro\/"},{"@type":"ListItem","position":2,"name":"Home"}]},{"@type":"WebSite","@id":"https:\/\/vosoritideinjection.biomarin.com\/ro-ro\/#website","url":"https:\/\/vosoritideinjection.biomarin.com\/ro-ro\/","name":"BioMarin Vosoritide Injection HCP RO-RO","description":"","potentialAction":[{"@type":"SearchAction","target":{"@type":"EntryPoint","urlTemplate":"https:\/\/vosoritideinjection.biomarin.com\/ro-ro\/?s={search_term_string}"},"query-input":{"@type":"PropertyValueSpecification","valueRequired":true,"valueName":"search_term_string"}}],"inLanguage":"ro-RO"}]}},"_links":{"self":[{"href":"https:\/\/vosoritideinjection.biomarin.com\/ro-ro\/wp-json\/wp\/v2\/pages\/9","targetHints":{"allow":["GET"]}}],"collection":[{"href":"https:\/\/vosoritideinjection.biomarin.com\/ro-ro\/wp-json\/wp\/v2\/pages"}],"about":[{"href":"https:\/\/vosoritideinjection.biomarin.com\/ro-ro\/wp-json\/wp\/v2\/types\/page"}],"author":[{"embeddable":true,"href":"https:\/\/vosoritideinjection.biomarin.com\/ro-ro\/wp-json\/wp\/v2\/users\/1"}],"replies":[{"embeddable":true,"href":"https:\/\/vosoritideinjection.biomarin.com\/ro-ro\/wp-json\/wp\/v2\/comments?post=9"}],"version-history":[{"count":105,"href":"https:\/\/vosoritideinjection.biomarin.com\/ro-ro\/wp-json\/wp\/v2\/pages\/9\/revisions"}],"predecessor-version":[{"id":191,"href":"https:\/\/vosoritideinjection.biomarin.com\/ro-ro\/wp-json\/wp\/v2\/pages\/9\/revisions\/191"}],"wp:attachment":[{"href":"https:\/\/vosoritideinjection.biomarin.com\/ro-ro\/wp-json\/wp\/v2\/media?parent=9"}],"curies":[{"name":"wp","href":"https:\/\/api.w.org\/{rel}","templated":true}]}}