{"id":9,"date":"2024-11-26T12:49:01","date_gmt":"2024-11-26T12:49:01","guid":{"rendered":"https:\/\/vosoritideinjection.biomarin.com\/sk-sk\/?page_id=9"},"modified":"2025-02-28T12:24:24","modified_gmt":"2025-02-28T12:24:24","slug":"home","status":"publish","type":"page","link":"https:\/\/vosoritideinjection.biomarin.com\/sk-sk\/","title":{"rendered":"Home"},"content":{"rendered":"<div id=\"acf-block-67485ac621e6e\" class=\"simple-hero\">\n            <div class=\"hero-background-image hero-background-image-desktop\" style=\"background-image: url(https:\/\/vosoritideinjection.biomarin.com\/sk-sk\/wp-content\/uploads\/sites\/16\/2024\/11\/header_2880px-2000x230.png);\"><\/div>\n\t    <div class=\"hero-background-image hero-background-image-mobile\" style=\"background-image: url(https:\/\/vosoritideinjection.biomarin.com\/sk-sk\/wp-content\/uploads\/sites\/16\/2024\/11\/header_2880px-2000x230.png);\"><\/div>\n        <div class=\"wrapper\">\n\t\t<div class=\"inner-wrapper\">\n\t\t\t<div class=\"hero-content\">\n\t\t\t\t\t\t\t\t\t\t\t\t    <h1><strong><span style=\"color: #020082\">Ako pod\u00e1va\u0165 injekciu vozoritidu (VOXZOGO<sup>\u00ae<\/sup><\/span><span style=\"color: #000\">\u25bc<\/span><span style=\"color: #020082\">)<\/span><\/strong>\n<\/h1>\n\t\t\t\t\t\t\t<\/div>\n\t\t<\/div>\n\t<\/div>\n<\/div>\n\n<div id=\"acf-block-6764390ec70f8\" class=\"block split-content equal-bias\" data-muted-autoplay=\"false\">\n\t<div class=\"wrapper\">\n\t\t<div class=\"inner-wrapper\">\n\t\t                                                                <div class=\"content-block first-block\">\n                                                                                                                                                                                                                                                <div class=\"video-poster\">\n\t\t\t                            <a class=\"modal-video permitted\" href=\"https:\/\/player.vimeo.com\/video\/1000652223\" style=\"background-image: url(https:\/\/vosoritideinjection.biomarin.com\/sk-sk\/wp-content\/uploads\/sites\/16\/2024\/11\/without.png?v=0.371);\">Play<\/a>\n\t\t                            <\/div>\n                                    \n                                                                                                                    \n                                                                                                                \n\t\t                                                                            <\/div>\n                    \n                                            <div class=\"content-block second-block\">\n                                                                                                <p style=\"text-align: center\"><small>Toto video pon\u00fakame ako podporu pri spr\u00e1vnom pod\u00e1van\u00ed injekcie vozoritidu. Ak m\u00e1te ak\u00e9ko\u013evek \u010fal\u0161ie ot\u00e1zky t\u00fdkaj\u00face sa pou\u017e\u00edvania tohto lieku, op\u00fdtajte sa svojho lek\u00e1ra alebo lek\u00e1rnika.<\/small><br \/>\n<small>Pou\u017e\u00edvanie tohto videa bolo schvalen\u00e9 pre regi\u00f3n EMEA. \u010eal\u0161ie inform\u00e1cie o vozoritide n\u00e1jdete na adrese: <a href=\"https:\/\/www.ema.europa.eu\/en\/medicines\/human\/EPAR\/voxzogo\" target=\"_blank\" rel=\"noopener\">https:\/\/www.ema.europa.eu\/sk\/medicines\/human\/EPAR\/voxzogo<\/a>.<\/small><\/p>\n<p style=\"text-align: center\"><small>Tento liek je predmetom \u010fal\u0161ieho monitorovania. To umo\u017en\u00ed r\u00fdchle z\u00edskanie nov\u00fdch inform\u00e1ci\u00ed o bezpe\u010dnosti. M\u00f4\u017eete pom\u00f4c\u0165 hl\u00e1sen\u00edm ak\u00fdchko\u013evek ved\u013eaj\u0161\u00edch \u00fa\u010dinkov priamo spolo\u010dnosti BioMarin prostredn\u00edctvom: <a href=\"mailto:drugsafety@bmrn.com\">drugsafety@bmrn.com<\/a>; fax: <a href=\"tel:+1-415-532-3144\">+ 1-415-532-3144<\/a> alebo tel.: <a href=\"tel:+1-415-506-6179\">+1-415-506-6179<\/a>. Ved\u013eaj\u0161ie \u00fa\u010dinky m\u00f4\u017eete hl\u00e1si\u0165 aj prostredn\u00edctvom n\u00e1rodn\u00fdch syst\u00e9mov hl\u00e1senia.<\/small><\/p>\n<p style=\"text-align: center\"><small>Ved\u013eaj\u0161ie \u00fa\u010dinky m\u00f4\u017eete hl\u00e1si\u0165 aj priamo na: \u0160t\u00e1tny \u00fastav pre kontrolu lie\u010div Sekcia klinick\u00e9ho sk\u00fa\u0161ania liekov a farmakovigilancie Kvetn\u00e1 11 SK-825 08 Bratislava Tel: <a href=\"tel:+421 2 507 01 206\">+ 421 2 507 01 206<\/a> e-mail: <a href=\"mailto:neziaduce.ucinky@sukl.sk\">neziaduce.ucinky@sukl.sk<\/a> Tla\u010divo na hl\u00e1senie podozrenia na ne\u017eiaduci \u00fa\u010dinok lieku je na webovej str\u00e1nke www.sukl.sk v \u010dasti Bezpe\u010dnos\u0165 liekov\/Hl\u00e1senie podozren\u00ed na ne\u017eiaduce \u00fa\u010dinky liekov Formul\u00e1r na elektronick\u00e9 pod\u00e1vanie hl\u00e1sen\u00ed: <a href=\"https:\/\/portal.sukl.sk\/eskadra\/\" target=\"_blank\" rel=\"noopener\">https:\/\/portal.sukl.sk\/eskadra\/<\/a>.<\/small><\/p>\n                                                                                    <\/div>\n                                                \t\t<\/div>\n\t<\/div>\n<\/div>","protected":false},"excerpt":{"rendered":"","protected":false},"author":1,"featured_media":0,"parent":0,"menu_order":0,"comment_status":"closed","ping_status":"closed","template":"","meta":{"_acf_changed":false,"inline_featured_image":false,"footnotes":""},"class_list":["post-9","page","type-page","status-publish","hentry"],"acf":[],"yoast_head":"<!-- This site is optimized with the Yoast SEO plugin v27.1.1 - https:\/\/yoast.com\/product\/yoast-seo-wordpress\/ -->\n<title>Home - BioMarin Vosoritide Injection SK-SK<\/title>\n<meta name=\"robots\" content=\"index, follow, max-snippet:-1, max-image-preview:large, max-video-preview:-1\" \/>\n<link rel=\"canonical\" href=\"https:\/\/vosoritideinjection.biomarin.com\/sk-sk\/\" \/>\n<meta property=\"og:locale\" content=\"sk_SK\" \/>\n<meta property=\"og:type\" content=\"article\" \/>\n<meta property=\"og:title\" content=\"Home - BioMarin Vosoritide Injection SK-SK\" \/>\n<meta property=\"og:url\" content=\"https:\/\/vosoritideinjection.biomarin.com\/sk-sk\/\" \/>\n<meta property=\"og:site_name\" content=\"BioMarin Vosoritide Injection SK-SK\" \/>\n<meta property=\"article:modified_time\" content=\"2025-02-28T12:24:24+00:00\" \/>\n<meta name=\"twitter:card\" content=\"summary_large_image\" \/>\n<script type=\"application\/ld+json\" class=\"yoast-schema-graph\">{\"@context\":\"https:\/\/schema.org\",\"@graph\":[{\"@type\":\"WebPage\",\"@id\":\"https:\/\/vosoritideinjection.biomarin.com\/sk-sk\/\",\"url\":\"https:\/\/vosoritideinjection.biomarin.com\/sk-sk\/\",\"name\":\"Home - BioMarin Vosoritide Injection SK-SK\",\"isPartOf\":{\"@id\":\"https:\/\/vosoritideinjection.biomarin.com\/sk-sk\/#website\"},\"datePublished\":\"2024-11-26T12:49:01+00:00\",\"dateModified\":\"2025-02-28T12:24:24+00:00\",\"breadcrumb\":{\"@id\":\"https:\/\/vosoritideinjection.biomarin.com\/sk-sk\/#breadcrumb\"},\"inLanguage\":\"sk-SK\",\"potentialAction\":[{\"@type\":\"ReadAction\",\"target\":[\"https:\/\/vosoritideinjection.biomarin.com\/sk-sk\/\"]}]},{\"@type\":\"BreadcrumbList\",\"@id\":\"https:\/\/vosoritideinjection.biomarin.com\/sk-sk\/#breadcrumb\",\"itemListElement\":[{\"@type\":\"ListItem\",\"position\":1,\"name\":\"Home\",\"item\":\"https:\/\/vosoritideinjection.biomarin.com\/sk-sk\/\"},{\"@type\":\"ListItem\",\"position\":2,\"name\":\"Home\"}]},{\"@type\":\"WebSite\",\"@id\":\"https:\/\/vosoritideinjection.biomarin.com\/sk-sk\/#website\",\"url\":\"https:\/\/vosoritideinjection.biomarin.com\/sk-sk\/\",\"name\":\"BioMarin Vosoritide Injection SK-SK\",\"description\":\"\",\"potentialAction\":[{\"@type\":\"SearchAction\",\"target\":{\"@type\":\"EntryPoint\",\"urlTemplate\":\"https:\/\/vosoritideinjection.biomarin.com\/sk-sk\/?s={search_term_string}\"},\"query-input\":{\"@type\":\"PropertyValueSpecification\",\"valueRequired\":true,\"valueName\":\"search_term_string\"}}],\"inLanguage\":\"sk-SK\"}]}<\/script>\n<!-- \/ Yoast SEO plugin. -->","yoast_head_json":{"title":"Home - BioMarin Vosoritide Injection SK-SK","robots":{"index":"index","follow":"follow","max-snippet":"max-snippet:-1","max-image-preview":"max-image-preview:large","max-video-preview":"max-video-preview:-1"},"canonical":"https:\/\/vosoritideinjection.biomarin.com\/sk-sk\/","og_locale":"sk_SK","og_type":"article","og_title":"Home - BioMarin Vosoritide Injection SK-SK","og_url":"https:\/\/vosoritideinjection.biomarin.com\/sk-sk\/","og_site_name":"BioMarin Vosoritide Injection SK-SK","article_modified_time":"2025-02-28T12:24:24+00:00","twitter_card":"summary_large_image","schema":{"@context":"https:\/\/schema.org","@graph":[{"@type":"WebPage","@id":"https:\/\/vosoritideinjection.biomarin.com\/sk-sk\/","url":"https:\/\/vosoritideinjection.biomarin.com\/sk-sk\/","name":"Home - BioMarin Vosoritide Injection SK-SK","isPartOf":{"@id":"https:\/\/vosoritideinjection.biomarin.com\/sk-sk\/#website"},"datePublished":"2024-11-26T12:49:01+00:00","dateModified":"2025-02-28T12:24:24+00:00","breadcrumb":{"@id":"https:\/\/vosoritideinjection.biomarin.com\/sk-sk\/#breadcrumb"},"inLanguage":"sk-SK","potentialAction":[{"@type":"ReadAction","target":["https:\/\/vosoritideinjection.biomarin.com\/sk-sk\/"]}]},{"@type":"BreadcrumbList","@id":"https:\/\/vosoritideinjection.biomarin.com\/sk-sk\/#breadcrumb","itemListElement":[{"@type":"ListItem","position":1,"name":"Home","item":"https:\/\/vosoritideinjection.biomarin.com\/sk-sk\/"},{"@type":"ListItem","position":2,"name":"Home"}]},{"@type":"WebSite","@id":"https:\/\/vosoritideinjection.biomarin.com\/sk-sk\/#website","url":"https:\/\/vosoritideinjection.biomarin.com\/sk-sk\/","name":"BioMarin Vosoritide Injection SK-SK","description":"","potentialAction":[{"@type":"SearchAction","target":{"@type":"EntryPoint","urlTemplate":"https:\/\/vosoritideinjection.biomarin.com\/sk-sk\/?s={search_term_string}"},"query-input":{"@type":"PropertyValueSpecification","valueRequired":true,"valueName":"search_term_string"}}],"inLanguage":"sk-SK"}]}},"_links":{"self":[{"href":"https:\/\/vosoritideinjection.biomarin.com\/sk-sk\/wp-json\/wp\/v2\/pages\/9","targetHints":{"allow":["GET"]}}],"collection":[{"href":"https:\/\/vosoritideinjection.biomarin.com\/sk-sk\/wp-json\/wp\/v2\/pages"}],"about":[{"href":"https:\/\/vosoritideinjection.biomarin.com\/sk-sk\/wp-json\/wp\/v2\/types\/page"}],"author":[{"embeddable":true,"href":"https:\/\/vosoritideinjection.biomarin.com\/sk-sk\/wp-json\/wp\/v2\/users\/1"}],"replies":[{"embeddable":true,"href":"https:\/\/vosoritideinjection.biomarin.com\/sk-sk\/wp-json\/wp\/v2\/comments?post=9"}],"version-history":[{"count":88,"href":"https:\/\/vosoritideinjection.biomarin.com\/sk-sk\/wp-json\/wp\/v2\/pages\/9\/revisions"}],"predecessor-version":[{"id":160,"href":"https:\/\/vosoritideinjection.biomarin.com\/sk-sk\/wp-json\/wp\/v2\/pages\/9\/revisions\/160"}],"wp:attachment":[{"href":"https:\/\/vosoritideinjection.biomarin.com\/sk-sk\/wp-json\/wp\/v2\/media?parent=9"}],"curies":[{"name":"wp","href":"https:\/\/api.w.org\/{rel}","templated":true}]}}